{"id":8,"date":"2026-01-29T11:01:01","date_gmt":"2026-01-29T11:01:01","guid":{"rendered":"https:\/\/xhenon.fr\/se\/?page_id=8"},"modified":"2026-04-02T11:28:40","modified_gmt":"2026-04-02T11:28:40","slug":"ressources","status":"publish","type":"page","link":"https:\/\/surrealisme-electronique.xhenon.fr\/en\/ressources\/","title":{"rendered":"Electronic surrealism: resources"},"content":{"rendered":"<p><em>Find all useful resources related to electronic surrealism on this page: logos, videos, useful information, and more.<\/em><\/p>\n\n\n\n<hr class=\"wp-block-separator has-alpha-channel-opacity\"\/>\n\n\n\n<h2 class=\"wp-block-heading\">Resources: logos of electronic surrealism<\/h2>\n\n\n\n<p>There are two versions, created by Philippe Da Silva: the first can be reduced as desired. The second, which is more detailed graphically, is also more suitable for large displays.<\/p>\n\n\n\n<h3 class=\"wp-block-heading\">First version to download:<\/h3>\n\n\n\n<div class=\"wp-block-columns is-layout-flex wp-container-core-columns-is-layout-9d6595d7 wp-block-columns-is-layout-flex\">\n<div class=\"wp-block-column is-layout-flow wp-block-column-is-layout-flow\">\n<div class=\"wp-block-file aligncenter\"><a id=\"wp-block-file--media-b4b748fe-fb13-4b95-8b0a-883d522d6218\" href=\"https:\/\/xhenon.fr\/se\/wp-content\/uploads\/2026\/01\/Logo-1-SE_Blanc_FondTransparent.png\">Logo-1-SE_Blanc_FondTransparent<\/a><a href=\"https:\/\/xhenon.fr\/se\/wp-content\/uploads\/2026\/01\/Logo-1-SE_Blanc_FondTransparent.png\" class=\"wp-block-file__button wp-element-button\" download aria-describedby=\"wp-block-file--media-b4b748fe-fb13-4b95-8b0a-883d522d6218\">Upload<\/a><\/div>\n<\/div>\n\n\n\n<div class=\"wp-block-column is-layout-flow wp-block-column-is-layout-flow\">\n<div class=\"wp-block-file aligncenter\"><a id=\"wp-block-file--media-2a24995c-6bdc-4ede-a8fe-8c37c3ab822a\" href=\"https:\/\/xhenon.fr\/se\/wp-content\/uploads\/2026\/01\/Logo-1_SE_Noir_FondBlanc-scaled-1.jpg\">Logo-1_SE_Noir_FondBlanc-scaled<\/a><a href=\"https:\/\/xhenon.fr\/se\/wp-content\/uploads\/2026\/01\/Logo-1_SE_Noir_FondBlanc-scaled-1.jpg\" class=\"wp-block-file__button wp-element-button\" download aria-describedby=\"wp-block-file--media-2a24995c-6bdc-4ede-a8fe-8c37c3ab822a\">Upload<\/a><\/div>\n<\/div>\n\n\n\n<div class=\"wp-block-column is-layout-flow wp-block-column-is-layout-flow\">\n<div class=\"wp-block-file aligncenter\"><a id=\"wp-block-file--media-802840ce-3b2e-45ff-9a7a-63738ac14992\" href=\"https:\/\/xhenon.fr\/se\/wp-content\/uploads\/2026\/01\/Logo-1_SE_Noir_FondTransparent-scaled-1.png\">Logo-1_SE_Noir_FondTransparent-scaled<\/a><a href=\"https:\/\/xhenon.fr\/se\/wp-content\/uploads\/2026\/01\/Logo-1_SE_Noir_FondTransparent-scaled-1.png\" class=\"wp-block-file__button wp-element-button\" download aria-describedby=\"wp-block-file--media-802840ce-3b2e-45ff-9a7a-63738ac14992\">Upload<\/a><\/div>\n<\/div>\n<\/div>\n\n\n\n<h3 class=\"wp-block-heading\">Second version to download:<\/h3>\n\n\n\n<div class=\"wp-block-columns is-layout-flex wp-container-core-columns-is-layout-9d6595d7 wp-block-columns-is-layout-flex\">\n<div class=\"wp-block-column is-layout-flow wp-block-column-is-layout-flow\">\n<div class=\"wp-block-file aligncenter\"><a id=\"wp-block-file--media-919794b8-9a99-41d9-8a75-5a5309b8dc8c\" href=\"https:\/\/xhenon.fr\/se\/wp-content\/uploads\/2026\/01\/Logo-2_SE_Blanc_FondTransparent.png\">Logo-2_SE_Blanc_FondTransparent<\/a><a href=\"https:\/\/xhenon.fr\/se\/wp-content\/uploads\/2026\/01\/Logo-2_SE_Blanc_FondTransparent.png\" class=\"wp-block-file__button wp-element-button\" download aria-describedby=\"wp-block-file--media-919794b8-9a99-41d9-8a75-5a5309b8dc8c\">Upload<\/a><\/div>\n<\/div>\n\n\n\n<div class=\"wp-block-column is-layout-flow wp-block-column-is-layout-flow\">\n<div class=\"wp-block-file aligncenter\"><a id=\"wp-block-file--media-56247608-7ac2-40d0-a1c0-e03e5699484c\" href=\"https:\/\/xhenon.fr\/se\/wp-content\/uploads\/2026\/01\/Logo-2_SE_Noir_fondBlanc-scaled-1.jpg\">Logo-2_SE_Noir_fondBlanc-scaled<\/a><a href=\"https:\/\/xhenon.fr\/se\/wp-content\/uploads\/2026\/01\/Logo-2_SE_Noir_fondBlanc-scaled-1.jpg\" class=\"wp-block-file__button wp-element-button\" download aria-describedby=\"wp-block-file--media-56247608-7ac2-40d0-a1c0-e03e5699484c\">Upload<\/a><\/div>\n<\/div>\n\n\n\n<div class=\"wp-block-column is-layout-flow wp-block-column-is-layout-flow\">\n<div class=\"wp-block-file aligncenter\"><a id=\"wp-block-file--media-aa03cc28-35a7-4dc5-b6e7-66eaf2d45da5\" href=\"https:\/\/xhenon.fr\/se\/wp-content\/uploads\/2026\/01\/Logo-2_SE_Noir_fondTransparent-scaled-1.png\">Logo-2_SE_Noir_fondTransparent-scaled<\/a><a href=\"https:\/\/xhenon.fr\/se\/wp-content\/uploads\/2026\/01\/Logo-2_SE_Noir_fondTransparent-scaled-1.png\" class=\"wp-block-file__button wp-element-button\" download aria-describedby=\"wp-block-file--media-aa03cc28-35a7-4dc5-b6e7-66eaf2d45da5\">Upload<\/a><\/div>\n<\/div>\n<\/div>\n\n\n\n<hr class=\"wp-block-separator has-alpha-channel-opacity\"\/>\n\n\n\n<h2 class=\"wp-block-heading\">The presentation video<\/h2>\n\n\n\n<p>It is currently available in French and English. It will also be available in other languages soon.<\/p>\n\n\n\n<figure class=\"wp-block-embed aligncenter is-type-video is-provider-youtube wp-block-embed-youtube wp-embed-aspect-16-9 wp-has-aspect-ratio\"><div class=\"wp-block-embed__wrapper\">\n<iframe loading=\"lazy\" title=\"Quand le surr\u00e9alisme devient de la musique \u00e9lectronique\" width=\"500\" height=\"281\" src=\"https:\/\/www.youtube.com\/embed\/1AcYZGnLkjU?feature=oembed\" frameborder=\"0\" allow=\"accelerometer; autoplay; clipboard-write; encrypted-media; gyroscope; picture-in-picture; web-share\" referrerpolicy=\"strict-origin-when-cross-origin\" allowfullscreen><\/iframe>\n<\/div><\/figure>\n\n\n\n<p>Here is the direct YouTube link to the video presenting electronic surrealism:<a href=\"https:\/\/youtu.be\/1AcYZGnLkjU?si=4LgLuxoJTqaOy1vK\" target=\"_blank\" rel=\"noreferrer noopener\"> https:\/\/youtu.be\/1AcYZGnLkjU?si=4LgLuxoJTqaOy1vK<\/a><\/p>\n\n\n\n<hr class=\"wp-block-separator has-alpha-channel-opacity\"\/>\n\n\n\n<h2 class=\"wp-block-heading\">Resources: some useful information.<\/h2>\n\n\n\n<div class=\"wp-block-media-text is-stacked-on-mobile\" style=\"grid-template-columns:33% auto\"><figure class=\"wp-block-media-text__media\"><img loading=\"lazy\" decoding=\"async\" width=\"550\" height=\"300\" src=\"https:\/\/xhenon.fr\/se\/wp-content\/uploads\/2026\/01\/Visuel_1_ressources_surrealisme_electronique.jpg\" alt=\"Illustration - Page de ressources du surr\u00e9alisme \u00e9lectronique\" class=\"wp-image-23 size-full\" srcset=\"https:\/\/surrealisme-electronique.xhenon.fr\/wp-content\/uploads\/2026\/01\/Visuel_1_ressources_surrealisme_electronique.jpg 550w, https:\/\/surrealisme-electronique.xhenon.fr\/wp-content\/uploads\/2026\/01\/Visuel_1_ressources_surrealisme_electronique-300x164.jpg 300w\" sizes=\"auto, (max-width: 550px) 100vw, 550px\" \/><\/figure><div class=\"wp-block-media-text__content\">\n<p>Electronic surrealism and its resources are licensed under Creative Commons CC0. This means that you are free to use them as you wish. This license is equivalent to the public domain. As with any other musical style, you cannot claim to be its creator or owner. As with any other artistic genre, no ownership is required. Electronic surrealism is merely a representative term. Its existence is only possible through the creativity of the artists who identify with it.<\/p>\n<\/div><\/div>\n\n\n\n<hr class=\"wp-block-separator has-alpha-channel-opacity\"\/>\n\n\n\n<h2 class=\"wp-block-heading\">Adding metadata<\/h2>\n\n\n\n<p>Would you like to add the genre \"Electronic Surrealism\" to the metadata of your MP3 music files? Simply enter it manually using your keyboard. Not all software programs list every musical genre.<\/p>\n\n\n\n<hr class=\"wp-block-separator has-alpha-channel-opacity\"\/>\n\n\n\n<p>You can also <em><strong><a href=\"https:\/\/surrealisme-electronique.xhenon.fr\/les-musiciens-du-surrealisme-electronique\/\">discover the artists of electronic surrealism<\/a><\/strong><\/em> or <em><strong><a href=\"https:\/\/surrealisme-electronique.xhenon.fr\/presentation-du-surrealisme-electronique\/\">learn more<\/a><\/strong><\/em> regarding this musical style.<\/p>\n\n\n\n<p><\/p>","protected":false},"excerpt":{"rendered":"<p>Retrouvez sur cette page toutes les ressources utiles concernant le surr\u00e9alisme \u00e9lectronique : logos, vid\u00e9o, informations utiles\u2026 Ressources : les logos du surr\u00e9alisme \u00e9lectronique Il existe deux versions, cr\u00e9\u00e9es par Philippe Da Silva : la premi\u00e8re permet d\u2019\u00eatre r\u00e9duite \u00e0 volont\u00e9. La seconde, graphiquement plus d\u00e9taill\u00e9e, est aussi plus adapt\u00e9e pour un affichage large. Premi\u00e8re [&hellip;]<\/p>\n","protected":false},"author":1,"featured_media":120,"parent":0,"menu_order":0,"comment_status":"closed","ping_status":"closed","template":"","meta":{"footnotes":""},"class_list":["post-8","page","type-page","status-publish","has-post-thumbnail","hentry"],"yoast_head":"<!-- This site is optimized with the Yoast SEO plugin v27.4 - https:\/\/yoast.com\/product\/yoast-seo-wordpress\/ -->\n<title>Ressources du surr\u00e9alisme \u00e9lectronique<\/title>\n<meta name=\"description\" content=\"Ressources : Retrouvez sur cette page toutes les \u00e9l\u00e9ments utiles concernant le surr\u00e9alisme \u00e9lectronique : logos, vid\u00e9o, informations\u2026\" \/>\n<meta name=\"robots\" content=\"index, follow, max-snippet:-1, max-image-preview:large, max-video-preview:-1\" \/>\n<link rel=\"canonical\" href=\"https:\/\/surrealisme-electronique.xhenon.fr\/en\/ressources\/\" \/>\n<meta property=\"og:locale\" content=\"en_US\" \/>\n<meta property=\"og:type\" content=\"article\" \/>\n<meta property=\"og:title\" content=\"Le surr\u00e9alisme \u00e9lectronique : les ressources\" \/>\n<meta property=\"og:description\" content=\"Retrouvez sur cette page toutes les ressources utiles concernant le surr\u00e9alisme \u00e9lectronique : logos, vid\u00e9o, informations utiles\u2026\" \/>\n<meta property=\"og:url\" content=\"https:\/\/surrealisme-electronique.xhenon.fr\/en\/ressources\/\" \/>\n<meta property=\"og:site_name\" content=\"Le Surr\u00e9alisme Electronique\" \/>\n<meta property=\"article:modified_time\" content=\"2026-04-02T11:28:40+00:00\" \/>\n<meta property=\"og:image\" content=\"https:\/\/surrealisme-electronique.xhenon.fr\/wp-content\/uploads\/2026\/04\/Visuel-surrealisme-electronique-ressources.jpg\" \/>\n\t<meta property=\"og:image:width\" content=\"492\" \/>\n\t<meta property=\"og:image:height\" content=\"350\" \/>\n\t<meta property=\"og:image:type\" content=\"image\/jpeg\" \/>\n<meta name=\"twitter:card\" content=\"summary_large_image\" \/>\n<meta name=\"twitter:label1\" content=\"Est. reading time\" \/>\n\t<meta name=\"twitter:data1\" content=\"2 minutes\" \/>\n<script type=\"application\/ld+json\" class=\"yoast-schema-graph\">{\"@context\":\"https:\\\/\\\/schema.org\",\"@graph\":[{\"@type\":\"WebPage\",\"@id\":\"https:\\\/\\\/surrealisme-electronique.xhenon.fr\\\/ressources\\\/\",\"url\":\"https:\\\/\\\/surrealisme-electronique.xhenon.fr\\\/ressources\\\/\",\"name\":\"Ressources du surr\u00e9alisme \u00e9lectronique\",\"isPartOf\":{\"@id\":\"https:\\\/\\\/surrealisme-electronique.xhenon.fr\\\/#website\"},\"primaryImageOfPage\":{\"@id\":\"https:\\\/\\\/surrealisme-electronique.xhenon.fr\\\/ressources\\\/#primaryimage\"},\"image\":{\"@id\":\"https:\\\/\\\/surrealisme-electronique.xhenon.fr\\\/ressources\\\/#primaryimage\"},\"thumbnailUrl\":\"https:\\\/\\\/surrealisme-electronique.xhenon.fr\\\/wp-content\\\/uploads\\\/2026\\\/02\\\/Visuel-surrealisme-electronique-5.jpg\",\"datePublished\":\"2026-01-29T11:01:01+00:00\",\"dateModified\":\"2026-04-02T11:28:40+00:00\",\"description\":\"Ressources : Retrouvez sur cette page toutes les \u00e9l\u00e9ments utiles concernant le surr\u00e9alisme \u00e9lectronique : logos, vid\u00e9o, informations\u2026\",\"breadcrumb\":{\"@id\":\"https:\\\/\\\/surrealisme-electronique.xhenon.fr\\\/ressources\\\/#breadcrumb\"},\"inLanguage\":\"en-US\",\"potentialAction\":[{\"@type\":\"ReadAction\",\"target\":[\"https:\\\/\\\/surrealisme-electronique.xhenon.fr\\\/ressources\\\/\"]}]},{\"@type\":\"ImageObject\",\"inLanguage\":\"en-US\",\"@id\":\"https:\\\/\\\/surrealisme-electronique.xhenon.fr\\\/ressources\\\/#primaryimage\",\"url\":\"https:\\\/\\\/surrealisme-electronique.xhenon.fr\\\/wp-content\\\/uploads\\\/2026\\\/02\\\/Visuel-surrealisme-electronique-5.jpg\",\"contentUrl\":\"https:\\\/\\\/surrealisme-electronique.xhenon.fr\\\/wp-content\\\/uploads\\\/2026\\\/02\\\/Visuel-surrealisme-electronique-5.jpg\",\"width\":1200,\"height\":350,\"caption\":\"Les ressources du surr\u00e9alisme \u00e9lectronique - Resources of electronic surrealism\"},{\"@type\":\"BreadcrumbList\",\"@id\":\"https:\\\/\\\/surrealisme-electronique.xhenon.fr\\\/ressources\\\/#breadcrumb\",\"itemListElement\":[{\"@type\":\"ListItem\",\"position\":1,\"name\":\"Accueil\",\"item\":\"https:\\\/\\\/surrealisme-electronique.xhenon.fr\\\/\"},{\"@type\":\"ListItem\",\"position\":2,\"name\":\"Le surr\u00e9alisme \u00e9lectronique : les ressources\"}]},{\"@type\":\"WebSite\",\"@id\":\"https:\\\/\\\/surrealisme-electronique.xhenon.fr\\\/#website\",\"url\":\"https:\\\/\\\/surrealisme-electronique.xhenon.fr\\\/\",\"name\":\"Le Surr\u00e9alisme Electronique\",\"description\":\"Quand la musique \u00e9lectronique instrumentale devient surr\u00e9aliste\",\"publisher\":{\"@id\":\"https:\\\/\\\/surrealisme-electronique.xhenon.fr\\\/#organization\"},\"potentialAction\":[{\"@type\":\"SearchAction\",\"target\":{\"@type\":\"EntryPoint\",\"urlTemplate\":\"https:\\\/\\\/surrealisme-electronique.xhenon.fr\\\/?s={search_term_string}\"},\"query-input\":{\"@type\":\"PropertyValueSpecification\",\"valueRequired\":true,\"valueName\":\"search_term_string\"}}],\"inLanguage\":\"en-US\"},{\"@type\":\"Organization\",\"@id\":\"https:\\\/\\\/surrealisme-electronique.xhenon.fr\\\/#organization\",\"name\":\"Le Surr\u00e9alisme Electronique\",\"url\":\"https:\\\/\\\/surrealisme-electronique.xhenon.fr\\\/\",\"logo\":{\"@type\":\"ImageObject\",\"inLanguage\":\"en-US\",\"@id\":\"https:\\\/\\\/surrealisme-electronique.xhenon.fr\\\/#\\\/schema\\\/logo\\\/image\\\/\",\"url\":\"https:\\\/\\\/surrealisme-electronique.xhenon.fr\\\/wp-content\\\/uploads\\\/2026\\\/01\\\/Logo-2_SE_Noir_fondBlanc-scaled-1.jpg\",\"contentUrl\":\"https:\\\/\\\/surrealisme-electronique.xhenon.fr\\\/wp-content\\\/uploads\\\/2026\\\/01\\\/Logo-2_SE_Noir_fondBlanc-scaled-1.jpg\",\"width\":1810,\"height\":2560,\"caption\":\"Le Surr\u00e9alisme Electronique\"},\"image\":{\"@id\":\"https:\\\/\\\/surrealisme-electronique.xhenon.fr\\\/#\\\/schema\\\/logo\\\/image\\\/\"}}]}<\/script>\n<!-- \/ Yoast SEO plugin. -->","yoast_head_json":{"title":"Ressources du surr\u00e9alisme \u00e9lectronique","description":"Ressources : Retrouvez sur cette page toutes les \u00e9l\u00e9ments utiles concernant le surr\u00e9alisme \u00e9lectronique : logos, vid\u00e9o, informations\u2026","robots":{"index":"index","follow":"follow","max-snippet":"max-snippet:-1","max-image-preview":"max-image-preview:large","max-video-preview":"max-video-preview:-1"},"canonical":"https:\/\/surrealisme-electronique.xhenon.fr\/en\/ressources\/","og_locale":"en_US","og_type":"article","og_title":"Le surr\u00e9alisme \u00e9lectronique : les ressources","og_description":"Retrouvez sur cette page toutes les ressources utiles concernant le surr\u00e9alisme \u00e9lectronique : logos, vid\u00e9o, informations utiles\u2026","og_url":"https:\/\/surrealisme-electronique.xhenon.fr\/en\/ressources\/","og_site_name":"Le Surr\u00e9alisme Electronique","article_modified_time":"2026-04-02T11:28:40+00:00","og_image":[{"width":492,"height":350,"url":"https:\/\/surrealisme-electronique.xhenon.fr\/wp-content\/uploads\/2026\/04\/Visuel-surrealisme-electronique-ressources.jpg","type":"image\/jpeg"}],"twitter_card":"summary_large_image","twitter_misc":{"Est. reading time":"2 minutes"},"schema":{"@context":"https:\/\/schema.org","@graph":[{"@type":"WebPage","@id":"https:\/\/surrealisme-electronique.xhenon.fr\/ressources\/","url":"https:\/\/surrealisme-electronique.xhenon.fr\/ressources\/","name":"Ressources du surr\u00e9alisme \u00e9lectronique","isPartOf":{"@id":"https:\/\/surrealisme-electronique.xhenon.fr\/#website"},"primaryImageOfPage":{"@id":"https:\/\/surrealisme-electronique.xhenon.fr\/ressources\/#primaryimage"},"image":{"@id":"https:\/\/surrealisme-electronique.xhenon.fr\/ressources\/#primaryimage"},"thumbnailUrl":"https:\/\/surrealisme-electronique.xhenon.fr\/wp-content\/uploads\/2026\/02\/Visuel-surrealisme-electronique-5.jpg","datePublished":"2026-01-29T11:01:01+00:00","dateModified":"2026-04-02T11:28:40+00:00","description":"Ressources : Retrouvez sur cette page toutes les \u00e9l\u00e9ments utiles concernant le surr\u00e9alisme \u00e9lectronique : logos, vid\u00e9o, informations\u2026","breadcrumb":{"@id":"https:\/\/surrealisme-electronique.xhenon.fr\/ressources\/#breadcrumb"},"inLanguage":"en-US","potentialAction":[{"@type":"ReadAction","target":["https:\/\/surrealisme-electronique.xhenon.fr\/ressources\/"]}]},{"@type":"ImageObject","inLanguage":"en-US","@id":"https:\/\/surrealisme-electronique.xhenon.fr\/ressources\/#primaryimage","url":"https:\/\/surrealisme-electronique.xhenon.fr\/wp-content\/uploads\/2026\/02\/Visuel-surrealisme-electronique-5.jpg","contentUrl":"https:\/\/surrealisme-electronique.xhenon.fr\/wp-content\/uploads\/2026\/02\/Visuel-surrealisme-electronique-5.jpg","width":1200,"height":350,"caption":"Les ressources du surr\u00e9alisme \u00e9lectronique - Resources of electronic surrealism"},{"@type":"BreadcrumbList","@id":"https:\/\/surrealisme-electronique.xhenon.fr\/ressources\/#breadcrumb","itemListElement":[{"@type":"ListItem","position":1,"name":"Accueil","item":"https:\/\/surrealisme-electronique.xhenon.fr\/"},{"@type":"ListItem","position":2,"name":"Le surr\u00e9alisme \u00e9lectronique : les ressources"}]},{"@type":"WebSite","@id":"https:\/\/surrealisme-electronique.xhenon.fr\/#website","url":"https:\/\/surrealisme-electronique.xhenon.fr\/","name":"Le Surr\u00e9alisme Electronique","description":"Quand la musique \u00e9lectronique instrumentale devient surr\u00e9aliste","publisher":{"@id":"https:\/\/surrealisme-electronique.xhenon.fr\/#organization"},"potentialAction":[{"@type":"SearchAction","target":{"@type":"EntryPoint","urlTemplate":"https:\/\/surrealisme-electronique.xhenon.fr\/?s={search_term_string}"},"query-input":{"@type":"PropertyValueSpecification","valueRequired":true,"valueName":"search_term_string"}}],"inLanguage":"en-US"},{"@type":"Organization","@id":"https:\/\/surrealisme-electronique.xhenon.fr\/#organization","name":"Le Surr\u00e9alisme Electronique","url":"https:\/\/surrealisme-electronique.xhenon.fr\/","logo":{"@type":"ImageObject","inLanguage":"en-US","@id":"https:\/\/surrealisme-electronique.xhenon.fr\/#\/schema\/logo\/image\/","url":"https:\/\/surrealisme-electronique.xhenon.fr\/wp-content\/uploads\/2026\/01\/Logo-2_SE_Noir_fondBlanc-scaled-1.jpg","contentUrl":"https:\/\/surrealisme-electronique.xhenon.fr\/wp-content\/uploads\/2026\/01\/Logo-2_SE_Noir_fondBlanc-scaled-1.jpg","width":1810,"height":2560,"caption":"Le Surr\u00e9alisme Electronique"},"image":{"@id":"https:\/\/surrealisme-electronique.xhenon.fr\/#\/schema\/logo\/image\/"}}]}},"_links":{"self":[{"href":"https:\/\/surrealisme-electronique.xhenon.fr\/en\/wp-json\/wp\/v2\/pages\/8","targetHints":{"allow":["GET"]}}],"collection":[{"href":"https:\/\/surrealisme-electronique.xhenon.fr\/en\/wp-json\/wp\/v2\/pages"}],"about":[{"href":"https:\/\/surrealisme-electronique.xhenon.fr\/en\/wp-json\/wp\/v2\/types\/page"}],"author":[{"embeddable":true,"href":"https:\/\/surrealisme-electronique.xhenon.fr\/en\/wp-json\/wp\/v2\/users\/1"}],"replies":[{"embeddable":true,"href":"https:\/\/surrealisme-electronique.xhenon.fr\/en\/wp-json\/wp\/v2\/comments?post=8"}],"version-history":[{"count":13,"href":"https:\/\/surrealisme-electronique.xhenon.fr\/en\/wp-json\/wp\/v2\/pages\/8\/revisions"}],"predecessor-version":[{"id":123,"href":"https:\/\/surrealisme-electronique.xhenon.fr\/en\/wp-json\/wp\/v2\/pages\/8\/revisions\/123"}],"wp:featuredmedia":[{"embeddable":true,"href":"https:\/\/surrealisme-electronique.xhenon.fr\/en\/wp-json\/wp\/v2\/media\/120"}],"wp:attachment":[{"href":"https:\/\/surrealisme-electronique.xhenon.fr\/en\/wp-json\/wp\/v2\/media?parent=8"}],"curies":[{"name":"wp","href":"https:\/\/api.w.org\/{rel}","templated":true}]}}