{"id":53,"date":"2026-01-30T11:06:22","date_gmt":"2026-01-30T11:06:22","guid":{"rendered":"https:\/\/surrealisme-electronique.xhenon.fr\/?page_id=53"},"modified":"2026-02-26T10:57:14","modified_gmt":"2026-02-26T10:57:14","slug":"mentions-legales","status":"publish","type":"page","link":"https:\/\/surrealisme-electronique.xhenon.fr\/en\/mentions-legales\/","title":{"rendered":"Legal notices"},"content":{"rendered":"<p>Electronic Surrealism Website \u2013 Legal Notice<\/p>\n\n\n\n<p>Purpose: This site is hosted as a subdomain of the Xhenon website. Xhenon is solely the initiator of the musical movement known as \"electronic surrealism,\" which is completely free under a Creative Commons CC0 license. The purpose of this site is to introduce people to this musical style and to make all useful resources available to everyone.<\/p>\n\n\n\n<p>Phone: (+33) 6.65.71.48.32<\/p>\n\n\n\n<p>Design <strong>Atrill<\/strong><\/p>\n\n\n\n<p>Director of Publication: M. Christophe Wszolek<\/p>\n\n\n\n<p>To contact us by email, please use <strong><em><a href=\"https:\/\/xhenon.fr\/contacter-xhenon\/\">the dedicated form on this page<\/a><\/em><\/strong>.<\/p>\n\n\n\n<p>Hosted by <a href=\"http:\/\/www.ovh.com\/fr\/index.xml\" target=\"_blank\" rel=\"noreferrer noopener\"><strong>O.V.H<\/strong><\/a>. \u2013 2 rue Kellermann \u2013 59100 Roubaix \u2013 France.<\/p>\n\n\n\n<p>EUROPEAN REGULATION OF APRIL 27, 2016 (GDPR law applied from May 25, 2018): No data is transferred to third parties\u2014it is used only to inform those who have subscribed to the newsletter. At any time, it is possible to contact the webmaster to access the data collected concerning the applicant.<\/p>\n\n\n\n<p>When you first visit this site, an extension indicates whether the relevant section uses cookies or Google Analytics statistics.<\/p>\n\n\n\n<p><\/p>","protected":false},"excerpt":{"rendered":"<p>Site du Surr\u00e9alisme \u00c9lectronique \u2013 Mentions L\u00e9gales Objet : Ce site est en h\u00e9bergement en sous-domaine au site Internet de Xhenon. Ce dernier est uniquement l&rsquo;initiateur du mouvement de musique dit \u00ab\u00a0surr\u00e9alisme \u00e9lectronique\u00a0\u00bb qui est totalement libre sous licence Creative Commons CC0. Ce site a pour objectif de faire d\u00e9couvrir ce style musical et de [&hellip;]<\/p>\n","protected":false},"author":1,"featured_media":0,"parent":0,"menu_order":0,"comment_status":"closed","ping_status":"closed","template":"","meta":{"footnotes":""},"class_list":["post-53","page","type-page","status-publish","hentry"],"yoast_head":"<!-- This site is optimized with the Yoast SEO plugin v27.4 - https:\/\/yoast.com\/product\/yoast-seo-wordpress\/ -->\n<title>Mentions l\u00e9gales<\/title>\n<meta name=\"description\" content=\"Mentions l\u00e9gales : toutes les informations de base n\u00e9cessaires concernant le site Internet d\u00e9di\u00e9 au surr\u00e9alisme \u00e9lectronique.\" \/>\n<meta name=\"robots\" content=\"index, follow, max-snippet:-1, max-image-preview:large, max-video-preview:-1\" \/>\n<link rel=\"canonical\" href=\"https:\/\/surrealisme-electronique.xhenon.fr\/en\/mentions-legales\/\" \/>\n<meta property=\"og:locale\" content=\"en_US\" \/>\n<meta property=\"og:type\" content=\"article\" \/>\n<meta property=\"og:title\" content=\"Mentions l\u00e9gales\" \/>\n<meta property=\"og:description\" content=\"Ce site a pour objectif de faire d\u00e9couvrir ce style musical et de tenir \u00e0 disposition de chacun toute ressource utile.\" \/>\n<meta property=\"og:url\" content=\"https:\/\/surrealisme-electronique.xhenon.fr\/en\/mentions-legales\/\" \/>\n<meta property=\"og:site_name\" content=\"Le Surr\u00e9alisme Electronique\" \/>\n<meta property=\"article:modified_time\" content=\"2026-02-26T10:57:14+00:00\" \/>\n<meta property=\"og:image\" content=\"https:\/\/surrealisme-electronique.xhenon.fr\/wp-content\/uploads\/2026\/02\/Visuel_contact_site_surrealisme_electronique_500w.jpg\" \/>\n\t<meta property=\"og:image:width\" content=\"500\" \/>\n\t<meta property=\"og:image:height\" content=\"500\" \/>\n\t<meta property=\"og:image:type\" content=\"image\/jpeg\" \/>\n<meta name=\"twitter:card\" content=\"summary_large_image\" \/>\n<meta name=\"twitter:label1\" content=\"Est. reading time\" \/>\n\t<meta name=\"twitter:data1\" content=\"1 minute\" \/>\n<script type=\"application\/ld+json\" class=\"yoast-schema-graph\">{\"@context\":\"https:\\\/\\\/schema.org\",\"@graph\":[{\"@type\":\"WebPage\",\"@id\":\"https:\\\/\\\/surrealisme-electronique.xhenon.fr\\\/mentions-legales\\\/\",\"url\":\"https:\\\/\\\/surrealisme-electronique.xhenon.fr\\\/mentions-legales\\\/\",\"name\":\"Mentions l\u00e9gales\",\"isPartOf\":{\"@id\":\"https:\\\/\\\/surrealisme-electronique.xhenon.fr\\\/#website\"},\"datePublished\":\"2026-01-30T11:06:22+00:00\",\"dateModified\":\"2026-02-26T10:57:14+00:00\",\"description\":\"Mentions l\u00e9gales : toutes les informations de base n\u00e9cessaires concernant le site Internet d\u00e9di\u00e9 au surr\u00e9alisme \u00e9lectronique.\",\"breadcrumb\":{\"@id\":\"https:\\\/\\\/surrealisme-electronique.xhenon.fr\\\/mentions-legales\\\/#breadcrumb\"},\"inLanguage\":\"en-US\",\"potentialAction\":[{\"@type\":\"ReadAction\",\"target\":[\"https:\\\/\\\/surrealisme-electronique.xhenon.fr\\\/mentions-legales\\\/\"]}]},{\"@type\":\"BreadcrumbList\",\"@id\":\"https:\\\/\\\/surrealisme-electronique.xhenon.fr\\\/mentions-legales\\\/#breadcrumb\",\"itemListElement\":[{\"@type\":\"ListItem\",\"position\":1,\"name\":\"Accueil\",\"item\":\"https:\\\/\\\/surrealisme-electronique.xhenon.fr\\\/\"},{\"@type\":\"ListItem\",\"position\":2,\"name\":\"Mentions l\u00e9gales\"}]},{\"@type\":\"WebSite\",\"@id\":\"https:\\\/\\\/surrealisme-electronique.xhenon.fr\\\/#website\",\"url\":\"https:\\\/\\\/surrealisme-electronique.xhenon.fr\\\/\",\"name\":\"Le Surr\u00e9alisme Electronique\",\"description\":\"Quand la musique \u00e9lectronique instrumentale devient surr\u00e9aliste\",\"publisher\":{\"@id\":\"https:\\\/\\\/surrealisme-electronique.xhenon.fr\\\/#organization\"},\"potentialAction\":[{\"@type\":\"SearchAction\",\"target\":{\"@type\":\"EntryPoint\",\"urlTemplate\":\"https:\\\/\\\/surrealisme-electronique.xhenon.fr\\\/?s={search_term_string}\"},\"query-input\":{\"@type\":\"PropertyValueSpecification\",\"valueRequired\":true,\"valueName\":\"search_term_string\"}}],\"inLanguage\":\"en-US\"},{\"@type\":\"Organization\",\"@id\":\"https:\\\/\\\/surrealisme-electronique.xhenon.fr\\\/#organization\",\"name\":\"Le Surr\u00e9alisme Electronique\",\"url\":\"https:\\\/\\\/surrealisme-electronique.xhenon.fr\\\/\",\"logo\":{\"@type\":\"ImageObject\",\"inLanguage\":\"en-US\",\"@id\":\"https:\\\/\\\/surrealisme-electronique.xhenon.fr\\\/#\\\/schema\\\/logo\\\/image\\\/\",\"url\":\"https:\\\/\\\/surrealisme-electronique.xhenon.fr\\\/wp-content\\\/uploads\\\/2026\\\/01\\\/Logo-2_SE_Noir_fondBlanc-scaled-1.jpg\",\"contentUrl\":\"https:\\\/\\\/surrealisme-electronique.xhenon.fr\\\/wp-content\\\/uploads\\\/2026\\\/01\\\/Logo-2_SE_Noir_fondBlanc-scaled-1.jpg\",\"width\":1810,\"height\":2560,\"caption\":\"Le Surr\u00e9alisme Electronique\"},\"image\":{\"@id\":\"https:\\\/\\\/surrealisme-electronique.xhenon.fr\\\/#\\\/schema\\\/logo\\\/image\\\/\"}}]}<\/script>\n<!-- \/ Yoast SEO plugin. -->","yoast_head_json":{"title":"Legal notices","description":"Mentions l\u00e9gales : toutes les informations de base n\u00e9cessaires concernant le site Internet d\u00e9di\u00e9 au surr\u00e9alisme \u00e9lectronique.","robots":{"index":"index","follow":"follow","max-snippet":"max-snippet:-1","max-image-preview":"max-image-preview:large","max-video-preview":"max-video-preview:-1"},"canonical":"https:\/\/surrealisme-electronique.xhenon.fr\/en\/mentions-legales\/","og_locale":"en_US","og_type":"article","og_title":"Mentions l\u00e9gales","og_description":"Ce site a pour objectif de faire d\u00e9couvrir ce style musical et de tenir \u00e0 disposition de chacun toute ressource utile.","og_url":"https:\/\/surrealisme-electronique.xhenon.fr\/en\/mentions-legales\/","og_site_name":"Le Surr\u00e9alisme Electronique","article_modified_time":"2026-02-26T10:57:14+00:00","og_image":[{"width":500,"height":500,"url":"https:\/\/surrealisme-electronique.xhenon.fr\/wp-content\/uploads\/2026\/02\/Visuel_contact_site_surrealisme_electronique_500w.jpg","type":"image\/jpeg"}],"twitter_card":"summary_large_image","twitter_misc":{"Est. reading time":"1 minute"},"schema":{"@context":"https:\/\/schema.org","@graph":[{"@type":"WebPage","@id":"https:\/\/surrealisme-electronique.xhenon.fr\/mentions-legales\/","url":"https:\/\/surrealisme-electronique.xhenon.fr\/mentions-legales\/","name":"Legal notices","isPartOf":{"@id":"https:\/\/surrealisme-electronique.xhenon.fr\/#website"},"datePublished":"2026-01-30T11:06:22+00:00","dateModified":"2026-02-26T10:57:14+00:00","description":"Mentions l\u00e9gales : toutes les informations de base n\u00e9cessaires concernant le site Internet d\u00e9di\u00e9 au surr\u00e9alisme \u00e9lectronique.","breadcrumb":{"@id":"https:\/\/surrealisme-electronique.xhenon.fr\/mentions-legales\/#breadcrumb"},"inLanguage":"en-US","potentialAction":[{"@type":"ReadAction","target":["https:\/\/surrealisme-electronique.xhenon.fr\/mentions-legales\/"]}]},{"@type":"BreadcrumbList","@id":"https:\/\/surrealisme-electronique.xhenon.fr\/mentions-legales\/#breadcrumb","itemListElement":[{"@type":"ListItem","position":1,"name":"Accueil","item":"https:\/\/surrealisme-electronique.xhenon.fr\/"},{"@type":"ListItem","position":2,"name":"Mentions l\u00e9gales"}]},{"@type":"WebSite","@id":"https:\/\/surrealisme-electronique.xhenon.fr\/#website","url":"https:\/\/surrealisme-electronique.xhenon.fr\/","name":"Le Surr\u00e9alisme Electronique","description":"Quand la musique \u00e9lectronique instrumentale devient surr\u00e9aliste","publisher":{"@id":"https:\/\/surrealisme-electronique.xhenon.fr\/#organization"},"potentialAction":[{"@type":"SearchAction","target":{"@type":"EntryPoint","urlTemplate":"https:\/\/surrealisme-electronique.xhenon.fr\/?s={search_term_string}"},"query-input":{"@type":"PropertyValueSpecification","valueRequired":true,"valueName":"search_term_string"}}],"inLanguage":"en-US"},{"@type":"Organization","@id":"https:\/\/surrealisme-electronique.xhenon.fr\/#organization","name":"Le Surr\u00e9alisme Electronique","url":"https:\/\/surrealisme-electronique.xhenon.fr\/","logo":{"@type":"ImageObject","inLanguage":"en-US","@id":"https:\/\/surrealisme-electronique.xhenon.fr\/#\/schema\/logo\/image\/","url":"https:\/\/surrealisme-electronique.xhenon.fr\/wp-content\/uploads\/2026\/01\/Logo-2_SE_Noir_fondBlanc-scaled-1.jpg","contentUrl":"https:\/\/surrealisme-electronique.xhenon.fr\/wp-content\/uploads\/2026\/01\/Logo-2_SE_Noir_fondBlanc-scaled-1.jpg","width":1810,"height":2560,"caption":"Le Surr\u00e9alisme Electronique"},"image":{"@id":"https:\/\/surrealisme-electronique.xhenon.fr\/#\/schema\/logo\/image\/"}}]}},"_links":{"self":[{"href":"https:\/\/surrealisme-electronique.xhenon.fr\/en\/wp-json\/wp\/v2\/pages\/53","targetHints":{"allow":["GET"]}}],"collection":[{"href":"https:\/\/surrealisme-electronique.xhenon.fr\/en\/wp-json\/wp\/v2\/pages"}],"about":[{"href":"https:\/\/surrealisme-electronique.xhenon.fr\/en\/wp-json\/wp\/v2\/types\/page"}],"author":[{"embeddable":true,"href":"https:\/\/surrealisme-electronique.xhenon.fr\/en\/wp-json\/wp\/v2\/users\/1"}],"replies":[{"embeddable":true,"href":"https:\/\/surrealisme-electronique.xhenon.fr\/en\/wp-json\/wp\/v2\/comments?post=53"}],"version-history":[{"count":1,"href":"https:\/\/surrealisme-electronique.xhenon.fr\/en\/wp-json\/wp\/v2\/pages\/53\/revisions"}],"predecessor-version":[{"id":54,"href":"https:\/\/surrealisme-electronique.xhenon.fr\/en\/wp-json\/wp\/v2\/pages\/53\/revisions\/54"}],"wp:attachment":[{"href":"https:\/\/surrealisme-electronique.xhenon.fr\/en\/wp-json\/wp\/v2\/media?parent=53"}],"curies":[{"name":"wp","href":"https:\/\/api.w.org\/{rel}","templated":true}]}}