{"id":33,"date":"2026-01-30T10:56:09","date_gmt":"2026-01-30T10:56:09","guid":{"rendered":"https:\/\/xhenon.fr\/se\/?page_id=33"},"modified":"2026-04-25T19:40:17","modified_gmt":"2026-04-25T19:40:17","slug":"les-musiciens-du-surrealisme-electronique","status":"publish","type":"page","link":"https:\/\/surrealisme-electronique.xhenon.fr\/en\/les-musiciens-du-surrealisme-electronique\/","title":{"rendered":"The musicians of electronic surrealism"},"content":{"rendered":"<p><em>Musicians of electronic surrealism: here are a few musicians who have officially identified their musical style as electronic surrealism.<\/em><\/p>\n\n\n\n<hr class=\"wp-block-separator has-alpha-channel-opacity\"\/>\n\n\n\n<h2 class=\"wp-block-heading\">Xhenon<\/h2>\n\n\n\n<div class=\"wp-block-media-text is-stacked-on-mobile\" style=\"grid-template-columns:15% auto\"><figure class=\"wp-block-media-text__media\"><img loading=\"lazy\" decoding=\"async\" width=\"225\" height=\"300\" src=\"https:\/\/surrealisme-electronique.xhenon.fr\/wp-content\/uploads\/2026\/01\/Xhenon_Home_Studio_400w-2.webp\" alt=\"Artiste de musique surr\u00e9alisme \u00e9lectronique - Xhenon dans son studio\" class=\"wp-image-47 size-full\"\/><\/figure><div class=\"wp-block-media-text__content\">\n<p>Electronic music composer and sound designer. Based in northern France, his instrumental music is primarily created using synthesizers. He is the founder of musical surrealism as a free artistic genre licensed under Creative Commons CC0 (equivalent to the public domain).<\/p>\n<\/div><\/div>\n\n\n\n<p>Find out more: visit <strong><em><a href=\"https:\/\/xhenon.fr\" target=\"_blank\" rel=\"noreferrer noopener\">the Xhenon website<\/a><\/em><\/strong><\/p>\n\n\n\n<hr class=\"wp-block-separator has-alpha-channel-opacity\"\/>\n\n\n\n<h2 class=\"wp-block-heading\">Dreamer DSP<\/h2>\n\n\n\n<p>Also an electronic music composer based in northern France, his instrumental music is directly linked to imagery. He is also the creator of two versions of the logo made freely available to artists working in electronic surrealism. <\/p>\n\n\n\n<hr class=\"wp-block-separator has-alpha-channel-opacity\"\/>\n\n\n\n<h2 class=\"wp-block-heading\">Marty Tanx<\/h2>\n\n\n\n<div class=\"wp-block-media-text is-stacked-on-mobile\" style=\"grid-template-columns:19% auto\"><figure class=\"wp-block-media-text__media\"><img loading=\"lazy\" decoding=\"async\" width=\"500\" height=\"500\" src=\"https:\/\/surrealisme-electronique.xhenon.fr\/wp-content\/uploads\/2026\/02\/Logo_Marty_Tanx_500w.jpeg\" alt=\"\" class=\"wp-image-56 size-full\" srcset=\"https:\/\/surrealisme-electronique.xhenon.fr\/wp-content\/uploads\/2026\/02\/Logo_Marty_Tanx_500w.jpeg 500w, https:\/\/surrealisme-electronique.xhenon.fr\/wp-content\/uploads\/2026\/02\/Logo_Marty_Tanx_500w-300x300.jpeg 300w, https:\/\/surrealisme-electronique.xhenon.fr\/wp-content\/uploads\/2026\/02\/Logo_Marty_Tanx_500w-150x150.jpeg 150w\" sizes=\"auto, (max-width: 500px) 100vw, 500px\" \/><\/figure><div class=\"wp-block-media-text__content\">\n<p>An artist from northern France who composes uncompromising, synthesizer-based independent electronic music.<\/p>\n\n\n\n<p>Learn more: discover <em><strong><a href=\"https:\/\/www.youtube.com\/@MartyTanx\" target=\"_blank\" rel=\"noreferrer noopener\">Marty Tanx on YouTube<\/a><\/strong><\/em><\/p>\n<\/div><\/div>\n\n\n\n<hr class=\"wp-block-separator has-alpha-channel-opacity\"\/>\n\n\n\n<h2 class=\"wp-block-heading\">L.A.G<\/h2>\n\n\n\n<div class=\"wp-block-media-text is-stacked-on-mobile\" style=\"grid-template-columns:20% auto\"><figure class=\"wp-block-media-text__media\"><a href=\"https:\/\/www.youtube.com\/@jonasrennerlag\" target=\"_blank\" rel=\" noreferrer noopener\"><img loading=\"lazy\" decoding=\"async\" width=\"500\" height=\"500\" src=\"https:\/\/surrealisme-electronique.xhenon.fr\/wp-content\/uploads\/2026\/04\/Logo_lag-500w.jpeg\" alt=\"Logo du groupe musical L.A.G\" class=\"wp-image-161 size-full\" srcset=\"https:\/\/surrealisme-electronique.xhenon.fr\/wp-content\/uploads\/2026\/04\/Logo_lag-500w.jpeg 500w, https:\/\/surrealisme-electronique.xhenon.fr\/wp-content\/uploads\/2026\/04\/Logo_lag-500w-300x300.jpeg 300w, https:\/\/surrealisme-electronique.xhenon.fr\/wp-content\/uploads\/2026\/04\/Logo_lag-500w-150x150.jpeg 150w, https:\/\/surrealisme-electronique.xhenon.fr\/wp-content\/uploads\/2026\/04\/Logo_lag-500w-12x12.jpeg 12w\" sizes=\"auto, (max-width: 500px) 100vw, 500px\" \/><\/a><\/figure><div class=\"wp-block-media-text__content\">\n<p>Groupe de musique actif en Europe entre la fin des ann\u00e9es 70 et le d\u00e9but des ann\u00e9es 80, compos\u00e9 par Jonas L. Renner, Paul Martens, Rian Storkal, Randy Arlson. L.A.G ayant \u00e9t\u00e9 un groupe pr\u00e9curseur en surr\u00e9alisme \u00e9lectronique, Jonas Renner a cr\u00e9\u00e9 <em><strong><a href=\"https:\/\/www.youtube.com\/@jonasrennerlag\" target=\"_blank\" rel=\"noreferrer noopener\">une cha\u00eene YouTube enti\u00e8rement d\u00e9di\u00e9 \u00e0 leurs \u0153uvres<\/a><\/strong><\/em>.<\/p>\n<\/div><\/div>\n\n\n\n<hr class=\"wp-block-separator has-alpha-channel-opacity\"\/>\n\n\n\n<h2 class=\"wp-block-heading\">The musicians of electronic surrealism: are you a musician who identifies with this movement?<\/h2>\n\n\n\n<p><em>This list is obviously not exhaustive. If you would like to appear on this page because you identify your music with electronic surrealism, please feel free to <a href=\"https:\/\/xhenon.fr\/contacter-xhenon\/\" target=\"_blank\" rel=\"noreferrer noopener\">contact the webmaster<\/a> of this website.<\/em><\/p>\n\n\n\n<p>You can also use <em><strong><a href=\"https:\/\/surrealisme-electronique.xhenon.fr\/ressources\/\">resources<\/a><\/strong><\/em> or <em><strong><a href=\"https:\/\/surrealisme-electronique.xhenon.fr\/presentation-du-surrealisme-electronique\/\">learn more<\/a><\/strong><\/em> regarding this musical style.<\/p>\n\n\n<div class=\"wp-block-image\">\n<figure class=\"aligncenter size-full\"><img loading=\"lazy\" decoding=\"async\" width=\"494\" height=\"217\" src=\"https:\/\/surrealisme-electronique.xhenon.fr\/wp-content\/uploads\/2026\/01\/Visuel_surrealiste_06.jpg\" alt=\"Exemple de visuel surr\u00e9aliste - Page des artistes de surr\u00e9alisme \u00e9lectronique\" class=\"wp-image-49\" srcset=\"https:\/\/surrealisme-electronique.xhenon.fr\/wp-content\/uploads\/2026\/01\/Visuel_surrealiste_06.jpg 494w, https:\/\/surrealisme-electronique.xhenon.fr\/wp-content\/uploads\/2026\/01\/Visuel_surrealiste_06-300x132.jpg 300w\" sizes=\"auto, (max-width: 494px) 100vw, 494px\" \/><\/figure>\n<\/div>","protected":false},"excerpt":{"rendered":"<p>Les musiciens du surr\u00e9alisme \u00e9lectronique : voici quelques musiciens qui ont officiellement identifi\u00e9 leur style musical au surr\u00e9alisme \u00e9lectronique Xhenon Compositeur de musiques \u00e9lectroniques et cr\u00e9ateur sonore. Bas\u00e9 dans le Nord de la France, sa musique instrumentale est essentiellement fa\u00e7onn\u00e9e avec des synth\u00e9tiseurs. Il est l&rsquo;initiateur du surr\u00e9alisme musical en tant que genre artistique libre [&hellip;]<\/p>\n","protected":false},"author":1,"featured_media":119,"parent":0,"menu_order":0,"comment_status":"closed","ping_status":"closed","template":"","meta":{"footnotes":""},"class_list":["post-33","page","type-page","status-publish","has-post-thumbnail","hentry"],"yoast_head":"<!-- This site is optimized with the Yoast SEO plugin v27.4 - https:\/\/yoast.com\/product\/yoast-seo-wordpress\/ -->\n<title>Les musiciens du surr\u00e9alisme \u00e9lectronique<\/title>\n<meta name=\"description\" content=\"Les musiciens du surr\u00e9alisme \u00e9lectronique qui sont officiellement identifi\u00e9 \u00e0 ce style musical instrumental...\" \/>\n<meta name=\"robots\" content=\"index, follow, max-snippet:-1, max-image-preview:large, max-video-preview:-1\" \/>\n<link rel=\"canonical\" href=\"https:\/\/surrealisme-electronique.xhenon.fr\/en\/les-musiciens-du-surrealisme-electronique\/\" \/>\n<meta property=\"og:locale\" content=\"en_US\" \/>\n<meta property=\"og:type\" content=\"article\" \/>\n<meta property=\"og:title\" content=\"Les musiciens du surr\u00e9alisme \u00e9lectronique\" \/>\n<meta property=\"og:description\" content=\"Les musiciens du surr\u00e9alisme \u00e9lectronique qui sont officiellement identifi\u00e9 \u00e0 ce style musical instrumental...\" \/>\n<meta property=\"og:url\" content=\"https:\/\/surrealisme-electronique.xhenon.fr\/en\/les-musiciens-du-surrealisme-electronique\/\" \/>\n<meta property=\"og:site_name\" content=\"Le Surr\u00e9alisme Electronique\" \/>\n<meta property=\"article:modified_time\" content=\"2026-04-25T19:40:17+00:00\" \/>\n<meta property=\"og:image\" content=\"https:\/\/surrealisme-electronique.xhenon.fr\/wp-content\/uploads\/2026\/01\/Visuel_surrealiste_06.jpg\" \/>\n\t<meta property=\"og:image:width\" content=\"494\" \/>\n\t<meta property=\"og:image:height\" content=\"217\" \/>\n\t<meta property=\"og:image:type\" content=\"image\/jpeg\" \/>\n<meta name=\"twitter:card\" content=\"summary_large_image\" \/>\n<meta name=\"twitter:label1\" content=\"Est. reading time\" \/>\n\t<meta name=\"twitter:data1\" content=\"3 minutes\" \/>\n<script type=\"application\/ld+json\" class=\"yoast-schema-graph\">{\"@context\":\"https:\\\/\\\/schema.org\",\"@graph\":[{\"@type\":\"WebPage\",\"@id\":\"https:\\\/\\\/surrealisme-electronique.xhenon.fr\\\/les-musiciens-du-surrealisme-electronique\\\/\",\"url\":\"https:\\\/\\\/surrealisme-electronique.xhenon.fr\\\/les-musiciens-du-surrealisme-electronique\\\/\",\"name\":\"Les musiciens du surr\u00e9alisme \u00e9lectronique\",\"isPartOf\":{\"@id\":\"https:\\\/\\\/surrealisme-electronique.xhenon.fr\\\/#website\"},\"primaryImageOfPage\":{\"@id\":\"https:\\\/\\\/surrealisme-electronique.xhenon.fr\\\/les-musiciens-du-surrealisme-electronique\\\/#primaryimage\"},\"image\":{\"@id\":\"https:\\\/\\\/surrealisme-electronique.xhenon.fr\\\/les-musiciens-du-surrealisme-electronique\\\/#primaryimage\"},\"thumbnailUrl\":\"https:\\\/\\\/surrealisme-electronique.xhenon.fr\\\/wp-content\\\/uploads\\\/2026\\\/02\\\/Visuel-surrealisme-electronique-4.jpg\",\"datePublished\":\"2026-01-30T10:56:09+00:00\",\"dateModified\":\"2026-04-25T19:40:17+00:00\",\"description\":\"Les musiciens du surr\u00e9alisme \u00e9lectronique qui sont officiellement identifi\u00e9 \u00e0 ce style musical instrumental...\",\"breadcrumb\":{\"@id\":\"https:\\\/\\\/surrealisme-electronique.xhenon.fr\\\/les-musiciens-du-surrealisme-electronique\\\/#breadcrumb\"},\"inLanguage\":\"en-US\",\"potentialAction\":[{\"@type\":\"ReadAction\",\"target\":[\"https:\\\/\\\/surrealisme-electronique.xhenon.fr\\\/les-musiciens-du-surrealisme-electronique\\\/\"]}]},{\"@type\":\"ImageObject\",\"inLanguage\":\"en-US\",\"@id\":\"https:\\\/\\\/surrealisme-electronique.xhenon.fr\\\/les-musiciens-du-surrealisme-electronique\\\/#primaryimage\",\"url\":\"https:\\\/\\\/surrealisme-electronique.xhenon.fr\\\/wp-content\\\/uploads\\\/2026\\\/02\\\/Visuel-surrealisme-electronique-4.jpg\",\"contentUrl\":\"https:\\\/\\\/surrealisme-electronique.xhenon.fr\\\/wp-content\\\/uploads\\\/2026\\\/02\\\/Visuel-surrealisme-electronique-4.jpg\",\"width\":1200,\"height\":350,\"caption\":\"Les musiciens du surr\u00e9alisme \u00e9lectronique - The musicians of electronic surrealism\"},{\"@type\":\"BreadcrumbList\",\"@id\":\"https:\\\/\\\/surrealisme-electronique.xhenon.fr\\\/les-musiciens-du-surrealisme-electronique\\\/#breadcrumb\",\"itemListElement\":[{\"@type\":\"ListItem\",\"position\":1,\"name\":\"Accueil\",\"item\":\"https:\\\/\\\/surrealisme-electronique.xhenon.fr\\\/\"},{\"@type\":\"ListItem\",\"position\":2,\"name\":\"Les musiciens du surr\u00e9alisme \u00e9lectronique\"}]},{\"@type\":\"WebSite\",\"@id\":\"https:\\\/\\\/surrealisme-electronique.xhenon.fr\\\/#website\",\"url\":\"https:\\\/\\\/surrealisme-electronique.xhenon.fr\\\/\",\"name\":\"Le Surr\u00e9alisme Electronique\",\"description\":\"Quand la musique \u00e9lectronique instrumentale devient surr\u00e9aliste\",\"publisher\":{\"@id\":\"https:\\\/\\\/surrealisme-electronique.xhenon.fr\\\/#organization\"},\"potentialAction\":[{\"@type\":\"SearchAction\",\"target\":{\"@type\":\"EntryPoint\",\"urlTemplate\":\"https:\\\/\\\/surrealisme-electronique.xhenon.fr\\\/?s={search_term_string}\"},\"query-input\":{\"@type\":\"PropertyValueSpecification\",\"valueRequired\":true,\"valueName\":\"search_term_string\"}}],\"inLanguage\":\"en-US\"},{\"@type\":\"Organization\",\"@id\":\"https:\\\/\\\/surrealisme-electronique.xhenon.fr\\\/#organization\",\"name\":\"Le Surr\u00e9alisme Electronique\",\"url\":\"https:\\\/\\\/surrealisme-electronique.xhenon.fr\\\/\",\"logo\":{\"@type\":\"ImageObject\",\"inLanguage\":\"en-US\",\"@id\":\"https:\\\/\\\/surrealisme-electronique.xhenon.fr\\\/#\\\/schema\\\/logo\\\/image\\\/\",\"url\":\"https:\\\/\\\/surrealisme-electronique.xhenon.fr\\\/wp-content\\\/uploads\\\/2026\\\/01\\\/Logo-2_SE_Noir_fondBlanc-scaled-1.jpg\",\"contentUrl\":\"https:\\\/\\\/surrealisme-electronique.xhenon.fr\\\/wp-content\\\/uploads\\\/2026\\\/01\\\/Logo-2_SE_Noir_fondBlanc-scaled-1.jpg\",\"width\":1810,\"height\":2560,\"caption\":\"Le Surr\u00e9alisme Electronique\"},\"image\":{\"@id\":\"https:\\\/\\\/surrealisme-electronique.xhenon.fr\\\/#\\\/schema\\\/logo\\\/image\\\/\"}}]}<\/script>\n<!-- \/ Yoast SEO plugin. -->","yoast_head_json":{"title":"The musicians of electronic surrealism","description":"Les musiciens du surr\u00e9alisme \u00e9lectronique qui sont officiellement identifi\u00e9 \u00e0 ce style musical instrumental...","robots":{"index":"index","follow":"follow","max-snippet":"max-snippet:-1","max-image-preview":"max-image-preview:large","max-video-preview":"max-video-preview:-1"},"canonical":"https:\/\/surrealisme-electronique.xhenon.fr\/en\/les-musiciens-du-surrealisme-electronique\/","og_locale":"en_US","og_type":"article","og_title":"Les musiciens du surr\u00e9alisme \u00e9lectronique","og_description":"Les musiciens du surr\u00e9alisme \u00e9lectronique qui sont officiellement identifi\u00e9 \u00e0 ce style musical instrumental...","og_url":"https:\/\/surrealisme-electronique.xhenon.fr\/en\/les-musiciens-du-surrealisme-electronique\/","og_site_name":"Le Surr\u00e9alisme Electronique","article_modified_time":"2026-04-25T19:40:17+00:00","og_image":[{"width":494,"height":217,"url":"https:\/\/surrealisme-electronique.xhenon.fr\/wp-content\/uploads\/2026\/01\/Visuel_surrealiste_06.jpg","type":"image\/jpeg"}],"twitter_card":"summary_large_image","twitter_misc":{"Est. reading time":"3 minutes"},"schema":{"@context":"https:\/\/schema.org","@graph":[{"@type":"WebPage","@id":"https:\/\/surrealisme-electronique.xhenon.fr\/les-musiciens-du-surrealisme-electronique\/","url":"https:\/\/surrealisme-electronique.xhenon.fr\/les-musiciens-du-surrealisme-electronique\/","name":"The musicians of electronic surrealism","isPartOf":{"@id":"https:\/\/surrealisme-electronique.xhenon.fr\/#website"},"primaryImageOfPage":{"@id":"https:\/\/surrealisme-electronique.xhenon.fr\/les-musiciens-du-surrealisme-electronique\/#primaryimage"},"image":{"@id":"https:\/\/surrealisme-electronique.xhenon.fr\/les-musiciens-du-surrealisme-electronique\/#primaryimage"},"thumbnailUrl":"https:\/\/surrealisme-electronique.xhenon.fr\/wp-content\/uploads\/2026\/02\/Visuel-surrealisme-electronique-4.jpg","datePublished":"2026-01-30T10:56:09+00:00","dateModified":"2026-04-25T19:40:17+00:00","description":"Les musiciens du surr\u00e9alisme \u00e9lectronique qui sont officiellement identifi\u00e9 \u00e0 ce style musical instrumental...","breadcrumb":{"@id":"https:\/\/surrealisme-electronique.xhenon.fr\/les-musiciens-du-surrealisme-electronique\/#breadcrumb"},"inLanguage":"en-US","potentialAction":[{"@type":"ReadAction","target":["https:\/\/surrealisme-electronique.xhenon.fr\/les-musiciens-du-surrealisme-electronique\/"]}]},{"@type":"ImageObject","inLanguage":"en-US","@id":"https:\/\/surrealisme-electronique.xhenon.fr\/les-musiciens-du-surrealisme-electronique\/#primaryimage","url":"https:\/\/surrealisme-electronique.xhenon.fr\/wp-content\/uploads\/2026\/02\/Visuel-surrealisme-electronique-4.jpg","contentUrl":"https:\/\/surrealisme-electronique.xhenon.fr\/wp-content\/uploads\/2026\/02\/Visuel-surrealisme-electronique-4.jpg","width":1200,"height":350,"caption":"Les musiciens du surr\u00e9alisme \u00e9lectronique - The musicians of electronic surrealism"},{"@type":"BreadcrumbList","@id":"https:\/\/surrealisme-electronique.xhenon.fr\/les-musiciens-du-surrealisme-electronique\/#breadcrumb","itemListElement":[{"@type":"ListItem","position":1,"name":"Accueil","item":"https:\/\/surrealisme-electronique.xhenon.fr\/"},{"@type":"ListItem","position":2,"name":"Les musiciens du surr\u00e9alisme \u00e9lectronique"}]},{"@type":"WebSite","@id":"https:\/\/surrealisme-electronique.xhenon.fr\/#website","url":"https:\/\/surrealisme-electronique.xhenon.fr\/","name":"Le Surr\u00e9alisme Electronique","description":"Quand la musique \u00e9lectronique instrumentale devient surr\u00e9aliste","publisher":{"@id":"https:\/\/surrealisme-electronique.xhenon.fr\/#organization"},"potentialAction":[{"@type":"SearchAction","target":{"@type":"EntryPoint","urlTemplate":"https:\/\/surrealisme-electronique.xhenon.fr\/?s={search_term_string}"},"query-input":{"@type":"PropertyValueSpecification","valueRequired":true,"valueName":"search_term_string"}}],"inLanguage":"en-US"},{"@type":"Organization","@id":"https:\/\/surrealisme-electronique.xhenon.fr\/#organization","name":"Le Surr\u00e9alisme Electronique","url":"https:\/\/surrealisme-electronique.xhenon.fr\/","logo":{"@type":"ImageObject","inLanguage":"en-US","@id":"https:\/\/surrealisme-electronique.xhenon.fr\/#\/schema\/logo\/image\/","url":"https:\/\/surrealisme-electronique.xhenon.fr\/wp-content\/uploads\/2026\/01\/Logo-2_SE_Noir_fondBlanc-scaled-1.jpg","contentUrl":"https:\/\/surrealisme-electronique.xhenon.fr\/wp-content\/uploads\/2026\/01\/Logo-2_SE_Noir_fondBlanc-scaled-1.jpg","width":1810,"height":2560,"caption":"Le Surr\u00e9alisme Electronique"},"image":{"@id":"https:\/\/surrealisme-electronique.xhenon.fr\/#\/schema\/logo\/image\/"}}]}},"_links":{"self":[{"href":"https:\/\/surrealisme-electronique.xhenon.fr\/en\/wp-json\/wp\/v2\/pages\/33","targetHints":{"allow":["GET"]}}],"collection":[{"href":"https:\/\/surrealisme-electronique.xhenon.fr\/en\/wp-json\/wp\/v2\/pages"}],"about":[{"href":"https:\/\/surrealisme-electronique.xhenon.fr\/en\/wp-json\/wp\/v2\/types\/page"}],"author":[{"embeddable":true,"href":"https:\/\/surrealisme-electronique.xhenon.fr\/en\/wp-json\/wp\/v2\/users\/1"}],"replies":[{"embeddable":true,"href":"https:\/\/surrealisme-electronique.xhenon.fr\/en\/wp-json\/wp\/v2\/comments?post=33"}],"version-history":[{"count":9,"href":"https:\/\/surrealisme-electronique.xhenon.fr\/en\/wp-json\/wp\/v2\/pages\/33\/revisions"}],"predecessor-version":[{"id":162,"href":"https:\/\/surrealisme-electronique.xhenon.fr\/en\/wp-json\/wp\/v2\/pages\/33\/revisions\/162"}],"wp:featuredmedia":[{"embeddable":true,"href":"https:\/\/surrealisme-electronique.xhenon.fr\/en\/wp-json\/wp\/v2\/media\/119"}],"wp:attachment":[{"href":"https:\/\/surrealisme-electronique.xhenon.fr\/en\/wp-json\/wp\/v2\/media?parent=33"}],"curies":[{"name":"wp","href":"https:\/\/api.w.org\/{rel}","templated":true}]}}