{"id":30,"date":"2026-02-04T11:08:13","date_gmt":"2026-02-04T11:08:13","guid":{"rendered":"https:\/\/xhenon.fr\/se\/?page_id=30"},"modified":"2026-04-02T12:21:48","modified_gmt":"2026-04-02T12:21:48","slug":"origines-du-surrealisme-electronique","status":"publish","type":"page","link":"https:\/\/surrealisme-electronique.xhenon.fr\/en\/origines-du-surrealisme-electronique\/","title":{"rendered":"Origins of electronic surrealism"},"content":{"rendered":"<div class=\"wp-block-media-text is-stacked-on-mobile\" style=\"grid-template-columns:17% auto\"><figure class=\"wp-block-media-text__media\"><img loading=\"lazy\" decoding=\"async\" width=\"215\" height=\"300\" src=\"https:\/\/surrealisme-electronique.xhenon.fr\/wp-content\/uploads\/2026\/02\/Tao_Bonzai_surrealisme-215x300.jpg\" alt=\"Symbole Tao et bonza\u00ef - Illustration surr\u00e9aliste de la page des origines du surr\u00e9alisme \u00e9lectronique\" class=\"wp-image-82 size-medium\" srcset=\"https:\/\/surrealisme-electronique.xhenon.fr\/wp-content\/uploads\/2026\/02\/Tao_Bonzai_surrealisme-215x300.jpg 215w, https:\/\/surrealisme-electronique.xhenon.fr\/wp-content\/uploads\/2026\/02\/Tao_Bonzai_surrealisme.jpg 300w\" sizes=\"auto, (max-width: 215px) 100vw, 215px\" \/><\/figure><div class=\"wp-block-media-text__content\">\n<p>Origins of electronic surrealism: in late December 2025, electronic music composer Xhenon initiated this movement. The idea was launched after discussing it with musician friends who shared his views on current instrumental electronic music:<\/p>\n\n\n\n<ul class=\"wp-block-list\">\n<li><em>There are types of electronic music that are difficult to classify because they bear little or no resemblance to current genres.<\/em><\/li>\n\n\n\n<li><em>Much of this music actively uses or evokes surrealism, including among pioneering artists who used synthesizers.<\/em><\/li>\n\n\n\n<li><em>Artists would like to be able to better describe the electronic and instrumental musical universe that characterizes them.<\/em><\/li>\n<\/ul>\n<\/div><\/div>\n\n\n\n<hr class=\"wp-block-separator has-alpha-channel-opacity\"\/>\n\n\n\n<h2 class=\"wp-block-heading\">Origins of electronic surrealism: influences and pioneering styles<\/h2>\n\n\n\n<p>Famous artists from various genres of electronic music have used and continue to use surrealist elements. These are sounds that do not exist in the real world. They are generally produced using electronic or electroacoustic instruments. However, surrealist visual elements have also been and continue to be used.<\/p>\n\n\n\n<p>Electronic surrealism was created as a musical style. It is therefore completely free under Creative Commons License CC0 (equivalent to the public domain), free of charge, and open to the future. It is directly inspired by the surrealist art movement and instrumental electronic music.<\/p>\n\n\n\n<hr class=\"wp-block-separator has-alpha-channel-opacity\"\/>\n\n\n\n<h2 class=\"wp-block-heading\">The movement today<\/h2>\n\n\n\n<p>The musicians <em>Dreamer DSP<\/em> and Marty Tanx officially joined this movement in January 2026. <em>Xhenon<\/em> proposed that this website be created in order to raise awareness of electronic surrealism and to be able to freely share all useful resources.<\/p>\n\n\n\n<p>* <strong>Surrealism is a poetic and artistic movement that emerged after the First World War. It encompasses many forms of expression: drawing, painting, sculpture, photography, cinema, poetry, etc. Andr\u00e9 Breton defined the movement's manifesto in 1924. <a href=\"https:\/\/fr.wikipedia.org\/wiki\/Surr%C3%A9alisme\" target=\"_blank\" rel=\"noreferrer noopener\">Wikipedia<\/a> defines it as \"\u00a0<em>using all psychic forces (automatism, dreams, the unconscious) freed from the control of reason and in conflict with accepted values<\/em>\u00a0\u00bb.<\/strong><\/p>\n\n\n<div class=\"wp-block-image\">\n<figure class=\"aligncenter size-full\"><img loading=\"lazy\" decoding=\"async\" width=\"500\" height=\"208\" src=\"https:\/\/surrealisme-electronique.xhenon.fr\/wp-content\/uploads\/2026\/02\/Visuel_origines_surrealisme_electronique.jpg\" alt=\"Visuel imaginaire - Illustration surr\u00e9aliste de la page des origines du surr\u00e9alisme \u00e9lectronique\" class=\"wp-image-91\" srcset=\"https:\/\/surrealisme-electronique.xhenon.fr\/wp-content\/uploads\/2026\/02\/Visuel_origines_surrealisme_electronique.jpg 500w, https:\/\/surrealisme-electronique.xhenon.fr\/wp-content\/uploads\/2026\/02\/Visuel_origines_surrealisme_electronique-300x125.jpg 300w\" sizes=\"auto, (max-width: 500px) 100vw, 500px\" \/><\/figure>\n<\/div>","protected":false},"excerpt":{"rendered":"<p>Origines du surr\u00e9alisme \u00e9lectronique : les influences, les styles pr\u00e9curseurs De c\u00e9l\u00e8bres artistes de musiques \u00e9lectroniques diverses ont utilis\u00e9 et utilisent encore de nos jours des \u00e9l\u00e9ments surr\u00e9alistes *. Il s&rsquo;agit de sonorit\u00e9s qui n&rsquo;existent pas dans le monde r\u00e9el. Elles sont g\u00e9n\u00e9ralement obtenues \u00e0 partir d&rsquo;instruments \u00e9lectroniques ou \u00e9lectroacoustiques. Mais des \u00e9l\u00e9ments visuels, \u00e9galement [&hellip;]<\/p>\n","protected":false},"author":1,"featured_media":0,"parent":0,"menu_order":0,"comment_status":"closed","ping_status":"closed","template":"","meta":{"footnotes":""},"class_list":["post-30","page","type-page","status-publish","hentry"],"yoast_head":"<!-- This site is optimized with the Yoast SEO plugin v27.4 - https:\/\/yoast.com\/product\/yoast-seo-wordpress\/ -->\n<title>Origines du surr\u00e9alisme \u00e9lectronique<\/title>\n<meta name=\"description\" content=\"Origines du surr\u00e9alisme \u00e9lectronique : cr\u00e9\u00e9 en tant que style musical, Il est totalement libre sous Licence Creative Commons CC0...\" \/>\n<meta name=\"robots\" content=\"index, follow, max-snippet:-1, max-image-preview:large, max-video-preview:-1\" \/>\n<link rel=\"canonical\" href=\"https:\/\/surrealisme-electronique.xhenon.fr\/en\/origines-du-surrealisme-electronique\/\" \/>\n<meta property=\"og:locale\" content=\"en_US\" \/>\n<meta property=\"og:type\" content=\"article\" \/>\n<meta property=\"og:title\" content=\"Origines du surr\u00e9alisme \u00e9lectronique\" \/>\n<meta property=\"og:description\" content=\"Origines du surr\u00e9alisme \u00e9lectronique : cr\u00e9\u00e9 en tant que style musical, Il est totalement libre sous Licence Creative Commons CC0...\" \/>\n<meta property=\"og:url\" content=\"https:\/\/surrealisme-electronique.xhenon.fr\/en\/origines-du-surrealisme-electronique\/\" \/>\n<meta property=\"og:site_name\" content=\"Le Surr\u00e9alisme Electronique\" \/>\n<meta property=\"article:modified_time\" content=\"2026-04-02T12:21:48+00:00\" \/>\n<meta property=\"og:image\" content=\"https:\/\/surrealisme-electronique.xhenon.fr\/wp-content\/uploads\/2026\/01\/Visuel_1_ressources_surrealisme_electronique.jpg\" \/>\n\t<meta property=\"og:image:width\" content=\"550\" \/>\n\t<meta property=\"og:image:height\" content=\"300\" \/>\n\t<meta property=\"og:image:type\" content=\"image\/jpeg\" \/>\n<meta name=\"twitter:card\" content=\"summary_large_image\" \/>\n<meta name=\"twitter:title\" content=\"Origines du surr\u00e9alisme \u00e9lectronique\" \/>\n<meta name=\"twitter:description\" content=\"Origines du surr\u00e9alisme \u00e9lectronique : cr\u00e9\u00e9 en tant que style musical, Il est totalement libre sous Licence Creative Commons CC0...\" \/>\n<meta name=\"twitter:image\" content=\"https:\/\/surrealisme-electronique.xhenon.fr\/wp-content\/uploads\/2026\/01\/Visuel_1_ressources_surrealisme_electronique.jpg\" \/>\n<meta name=\"twitter:label1\" content=\"Est. reading time\" \/>\n\t<meta name=\"twitter:data1\" content=\"3 minutes\" \/>\n<script type=\"application\/ld+json\" class=\"yoast-schema-graph\">{\"@context\":\"https:\\\/\\\/schema.org\",\"@graph\":[{\"@type\":\"WebPage\",\"@id\":\"https:\\\/\\\/surrealisme-electronique.xhenon.fr\\\/origines-du-surrealisme-electronique\\\/\",\"url\":\"https:\\\/\\\/surrealisme-electronique.xhenon.fr\\\/origines-du-surrealisme-electronique\\\/\",\"name\":\"Origines du surr\u00e9alisme \u00e9lectronique\",\"isPartOf\":{\"@id\":\"https:\\\/\\\/surrealisme-electronique.xhenon.fr\\\/#website\"},\"primaryImageOfPage\":{\"@id\":\"https:\\\/\\\/surrealisme-electronique.xhenon.fr\\\/origines-du-surrealisme-electronique\\\/#primaryimage\"},\"image\":{\"@id\":\"https:\\\/\\\/surrealisme-electronique.xhenon.fr\\\/origines-du-surrealisme-electronique\\\/#primaryimage\"},\"thumbnailUrl\":\"https:\\\/\\\/surrealisme-electronique.xhenon.fr\\\/wp-content\\\/uploads\\\/2026\\\/02\\\/Tao_Bonzai_surrealisme-215x300.jpg\",\"datePublished\":\"2026-02-04T11:08:13+00:00\",\"dateModified\":\"2026-04-02T12:21:48+00:00\",\"description\":\"Origines du surr\u00e9alisme \u00e9lectronique : cr\u00e9\u00e9 en tant que style musical, Il est totalement libre sous Licence Creative Commons CC0...\",\"breadcrumb\":{\"@id\":\"https:\\\/\\\/surrealisme-electronique.xhenon.fr\\\/origines-du-surrealisme-electronique\\\/#breadcrumb\"},\"inLanguage\":\"en-US\",\"potentialAction\":[{\"@type\":\"ReadAction\",\"target\":[\"https:\\\/\\\/surrealisme-electronique.xhenon.fr\\\/origines-du-surrealisme-electronique\\\/\"]}]},{\"@type\":\"ImageObject\",\"inLanguage\":\"en-US\",\"@id\":\"https:\\\/\\\/surrealisme-electronique.xhenon.fr\\\/origines-du-surrealisme-electronique\\\/#primaryimage\",\"url\":\"https:\\\/\\\/surrealisme-electronique.xhenon.fr\\\/wp-content\\\/uploads\\\/2026\\\/02\\\/Tao_Bonzai_surrealisme-215x300.jpg\",\"contentUrl\":\"https:\\\/\\\/surrealisme-electronique.xhenon.fr\\\/wp-content\\\/uploads\\\/2026\\\/02\\\/Tao_Bonzai_surrealisme-215x300.jpg\"},{\"@type\":\"BreadcrumbList\",\"@id\":\"https:\\\/\\\/surrealisme-electronique.xhenon.fr\\\/origines-du-surrealisme-electronique\\\/#breadcrumb\",\"itemListElement\":[{\"@type\":\"ListItem\",\"position\":1,\"name\":\"Accueil\",\"item\":\"https:\\\/\\\/surrealisme-electronique.xhenon.fr\\\/\"},{\"@type\":\"ListItem\",\"position\":2,\"name\":\"Origines du surr\u00e9alisme \u00e9lectronique\"}]},{\"@type\":\"WebSite\",\"@id\":\"https:\\\/\\\/surrealisme-electronique.xhenon.fr\\\/#website\",\"url\":\"https:\\\/\\\/surrealisme-electronique.xhenon.fr\\\/\",\"name\":\"Le Surr\u00e9alisme Electronique\",\"description\":\"Quand la musique \u00e9lectronique instrumentale devient surr\u00e9aliste\",\"publisher\":{\"@id\":\"https:\\\/\\\/surrealisme-electronique.xhenon.fr\\\/#organization\"},\"potentialAction\":[{\"@type\":\"SearchAction\",\"target\":{\"@type\":\"EntryPoint\",\"urlTemplate\":\"https:\\\/\\\/surrealisme-electronique.xhenon.fr\\\/?s={search_term_string}\"},\"query-input\":{\"@type\":\"PropertyValueSpecification\",\"valueRequired\":true,\"valueName\":\"search_term_string\"}}],\"inLanguage\":\"en-US\"},{\"@type\":\"Organization\",\"@id\":\"https:\\\/\\\/surrealisme-electronique.xhenon.fr\\\/#organization\",\"name\":\"Le Surr\u00e9alisme Electronique\",\"url\":\"https:\\\/\\\/surrealisme-electronique.xhenon.fr\\\/\",\"logo\":{\"@type\":\"ImageObject\",\"inLanguage\":\"en-US\",\"@id\":\"https:\\\/\\\/surrealisme-electronique.xhenon.fr\\\/#\\\/schema\\\/logo\\\/image\\\/\",\"url\":\"https:\\\/\\\/surrealisme-electronique.xhenon.fr\\\/wp-content\\\/uploads\\\/2026\\\/01\\\/Logo-2_SE_Noir_fondBlanc-scaled-1.jpg\",\"contentUrl\":\"https:\\\/\\\/surrealisme-electronique.xhenon.fr\\\/wp-content\\\/uploads\\\/2026\\\/01\\\/Logo-2_SE_Noir_fondBlanc-scaled-1.jpg\",\"width\":1810,\"height\":2560,\"caption\":\"Le Surr\u00e9alisme Electronique\"},\"image\":{\"@id\":\"https:\\\/\\\/surrealisme-electronique.xhenon.fr\\\/#\\\/schema\\\/logo\\\/image\\\/\"}}]}<\/script>\n<!-- \/ Yoast SEO plugin. -->","yoast_head_json":{"title":"Origins of electronic surrealism","description":"Origines du surr\u00e9alisme \u00e9lectronique : cr\u00e9\u00e9 en tant que style musical, Il est totalement libre sous Licence Creative Commons CC0...","robots":{"index":"index","follow":"follow","max-snippet":"max-snippet:-1","max-image-preview":"max-image-preview:large","max-video-preview":"max-video-preview:-1"},"canonical":"https:\/\/surrealisme-electronique.xhenon.fr\/en\/origines-du-surrealisme-electronique\/","og_locale":"en_US","og_type":"article","og_title":"Origines du surr\u00e9alisme \u00e9lectronique","og_description":"Origines du surr\u00e9alisme \u00e9lectronique : cr\u00e9\u00e9 en tant que style musical, Il est totalement libre sous Licence Creative Commons CC0...","og_url":"https:\/\/surrealisme-electronique.xhenon.fr\/en\/origines-du-surrealisme-electronique\/","og_site_name":"Le Surr\u00e9alisme Electronique","article_modified_time":"2026-04-02T12:21:48+00:00","og_image":[{"width":550,"height":300,"url":"https:\/\/surrealisme-electronique.xhenon.fr\/wp-content\/uploads\/2026\/01\/Visuel_1_ressources_surrealisme_electronique.jpg","type":"image\/jpeg"}],"twitter_card":"summary_large_image","twitter_title":"Origines du surr\u00e9alisme \u00e9lectronique","twitter_description":"Origines du surr\u00e9alisme \u00e9lectronique : cr\u00e9\u00e9 en tant que style musical, Il est totalement libre sous Licence Creative Commons CC0...","twitter_image":"https:\/\/surrealisme-electronique.xhenon.fr\/wp-content\/uploads\/2026\/01\/Visuel_1_ressources_surrealisme_electronique.jpg","twitter_misc":{"Est. reading time":"3 minutes"},"schema":{"@context":"https:\/\/schema.org","@graph":[{"@type":"WebPage","@id":"https:\/\/surrealisme-electronique.xhenon.fr\/origines-du-surrealisme-electronique\/","url":"https:\/\/surrealisme-electronique.xhenon.fr\/origines-du-surrealisme-electronique\/","name":"Origins of electronic surrealism","isPartOf":{"@id":"https:\/\/surrealisme-electronique.xhenon.fr\/#website"},"primaryImageOfPage":{"@id":"https:\/\/surrealisme-electronique.xhenon.fr\/origines-du-surrealisme-electronique\/#primaryimage"},"image":{"@id":"https:\/\/surrealisme-electronique.xhenon.fr\/origines-du-surrealisme-electronique\/#primaryimage"},"thumbnailUrl":"https:\/\/surrealisme-electronique.xhenon.fr\/wp-content\/uploads\/2026\/02\/Tao_Bonzai_surrealisme-215x300.jpg","datePublished":"2026-02-04T11:08:13+00:00","dateModified":"2026-04-02T12:21:48+00:00","description":"Origines du surr\u00e9alisme \u00e9lectronique : cr\u00e9\u00e9 en tant que style musical, Il est totalement libre sous Licence Creative Commons CC0...","breadcrumb":{"@id":"https:\/\/surrealisme-electronique.xhenon.fr\/origines-du-surrealisme-electronique\/#breadcrumb"},"inLanguage":"en-US","potentialAction":[{"@type":"ReadAction","target":["https:\/\/surrealisme-electronique.xhenon.fr\/origines-du-surrealisme-electronique\/"]}]},{"@type":"ImageObject","inLanguage":"en-US","@id":"https:\/\/surrealisme-electronique.xhenon.fr\/origines-du-surrealisme-electronique\/#primaryimage","url":"https:\/\/surrealisme-electronique.xhenon.fr\/wp-content\/uploads\/2026\/02\/Tao_Bonzai_surrealisme-215x300.jpg","contentUrl":"https:\/\/surrealisme-electronique.xhenon.fr\/wp-content\/uploads\/2026\/02\/Tao_Bonzai_surrealisme-215x300.jpg"},{"@type":"BreadcrumbList","@id":"https:\/\/surrealisme-electronique.xhenon.fr\/origines-du-surrealisme-electronique\/#breadcrumb","itemListElement":[{"@type":"ListItem","position":1,"name":"Accueil","item":"https:\/\/surrealisme-electronique.xhenon.fr\/"},{"@type":"ListItem","position":2,"name":"Origines du surr\u00e9alisme \u00e9lectronique"}]},{"@type":"WebSite","@id":"https:\/\/surrealisme-electronique.xhenon.fr\/#website","url":"https:\/\/surrealisme-electronique.xhenon.fr\/","name":"Le Surr\u00e9alisme Electronique","description":"Quand la musique \u00e9lectronique instrumentale devient surr\u00e9aliste","publisher":{"@id":"https:\/\/surrealisme-electronique.xhenon.fr\/#organization"},"potentialAction":[{"@type":"SearchAction","target":{"@type":"EntryPoint","urlTemplate":"https:\/\/surrealisme-electronique.xhenon.fr\/?s={search_term_string}"},"query-input":{"@type":"PropertyValueSpecification","valueRequired":true,"valueName":"search_term_string"}}],"inLanguage":"en-US"},{"@type":"Organization","@id":"https:\/\/surrealisme-electronique.xhenon.fr\/#organization","name":"Le Surr\u00e9alisme Electronique","url":"https:\/\/surrealisme-electronique.xhenon.fr\/","logo":{"@type":"ImageObject","inLanguage":"en-US","@id":"https:\/\/surrealisme-electronique.xhenon.fr\/#\/schema\/logo\/image\/","url":"https:\/\/surrealisme-electronique.xhenon.fr\/wp-content\/uploads\/2026\/01\/Logo-2_SE_Noir_fondBlanc-scaled-1.jpg","contentUrl":"https:\/\/surrealisme-electronique.xhenon.fr\/wp-content\/uploads\/2026\/01\/Logo-2_SE_Noir_fondBlanc-scaled-1.jpg","width":1810,"height":2560,"caption":"Le Surr\u00e9alisme Electronique"},"image":{"@id":"https:\/\/surrealisme-electronique.xhenon.fr\/#\/schema\/logo\/image\/"}}]}},"_links":{"self":[{"href":"https:\/\/surrealisme-electronique.xhenon.fr\/en\/wp-json\/wp\/v2\/pages\/30","targetHints":{"allow":["GET"]}}],"collection":[{"href":"https:\/\/surrealisme-electronique.xhenon.fr\/en\/wp-json\/wp\/v2\/pages"}],"about":[{"href":"https:\/\/surrealisme-electronique.xhenon.fr\/en\/wp-json\/wp\/v2\/types\/page"}],"author":[{"embeddable":true,"href":"https:\/\/surrealisme-electronique.xhenon.fr\/en\/wp-json\/wp\/v2\/users\/1"}],"replies":[{"embeddable":true,"href":"https:\/\/surrealisme-electronique.xhenon.fr\/en\/wp-json\/wp\/v2\/comments?post=30"}],"version-history":[{"count":20,"href":"https:\/\/surrealisme-electronique.xhenon.fr\/en\/wp-json\/wp\/v2\/pages\/30\/revisions"}],"predecessor-version":[{"id":100,"href":"https:\/\/surrealisme-electronique.xhenon.fr\/en\/wp-json\/wp\/v2\/pages\/30\/revisions\/100"}],"wp:attachment":[{"href":"https:\/\/surrealisme-electronique.xhenon.fr\/en\/wp-json\/wp\/v2\/media?parent=30"}],"curies":[{"name":"wp","href":"https:\/\/api.w.org\/{rel}","templated":true}]}}