{"id":26,"date":"2026-01-30T10:08:07","date_gmt":"2026-01-30T10:08:07","guid":{"rendered":"https:\/\/xhenon.fr\/se\/?page_id=26"},"modified":"2026-02-16T16:29:27","modified_gmt":"2026-02-16T16:29:27","slug":"presentation-du-surrealisme-electronique","status":"publish","type":"page","link":"https:\/\/surrealisme-electronique.xhenon.fr\/en\/presentation-du-surrealisme-electronique\/","title":{"rendered":"Presentation of electronic surrealism"},"content":{"rendered":"<p><strong><em>Presentation of electronic surrealism : <\/em><\/strong><em><strong>the meeting of dreams and electronic music<\/strong><\/em>&#8230;<\/p>\n\n\n\n<p>Discover the exploration of soundscapes where electronics become poetry, and sound becomes vision...<\/p>\n\n\n\n<hr class=\"wp-block-separator has-alpha-channel-opacity\"\/>\n\n\n\n<h2 class=\"wp-block-heading\">What is Electronic Surrealism?<\/h2>\n\n\n\n<p>It is an artistic movement that blends electronic music and surrealist aesthetics to explore dreams, the unconscious, and the imagination.<br>He combines synthetic textures, dreamlike atmospheres, and poetic visions to create soundscapes where reality is distorted, dissolved, and reinvented.<br>Between introspective experience and fantastical journey, Electronic Surrealism invites listeners to traverse invisible worlds, to feel what words cannot express, and to contemplate the irrational in a vibrant, modern form.<\/p>\n\n\n\n<h2 class=\"wp-block-heading\">But also...<\/h2>\n\n\n\n<p>It is also an attempt to bring together electronic music that has been around for a long time but which, until now, has not been identified with a specific genre. Each artist is free to consider their music as being comparable to Electronic Surrealism. This genre belongs to no one and nothing, just like any other musical style.<\/p>\n\n\n\n<hr class=\"wp-block-separator has-alpha-channel-opacity\"\/>\n\n\n\n<h2 class=\"wp-block-heading\">The Manifesto<\/h2>\n\n\n\n<div data-wp-interactive=\"core\/file\" class=\"wp-block-file\"><object data-wp-bind--hidden=\"!state.hasPdfPreview\" hidden class=\"wp-block-file__embed\" data=\"https:\/\/surrealisme-electronique.xhenon.fr\/wp-content\/uploads\/2026\/01\/Manifeste_Surrealisme_electronique_FR.pdf\" type=\"application\/pdf\" style=\"width:100%;height:600px\" aria-label=\"Embed of Manifeste du surr\u00e9alisme \u00e9lectronique - Fran\u00e7ais - D\u00e9cembre 2025.\"><\/object><a id=\"wp-block-file--media-1009dab8-d725-4b05-986e-837c3de06d07\" href=\"https:\/\/surrealisme-electronique.xhenon.fr\/wp-content\/uploads\/2026\/01\/Manifeste_Surrealisme_electronique_FR.pdf\">Manifeste du surr\u00e9alisme \u00e9lectronique &#8211; Fran\u00e7ais &#8211; D\u00e9cembre 2025<\/a><a href=\"https:\/\/surrealisme-electronique.xhenon.fr\/wp-content\/uploads\/2026\/01\/Manifeste_Surrealisme_electronique_FR.pdf\" class=\"wp-block-file__button wp-element-button\" download aria-describedby=\"wp-block-file--media-1009dab8-d725-4b05-986e-837c3de06d07\">Upload<\/a><\/div>\n\n\n\n<hr class=\"wp-block-separator has-alpha-channel-opacity\"\/>\n\n\n\n<div class=\"wp-block-file\"><a id=\"wp-block-file--media-8f0932a5-8f5a-4e72-b146-b1f93ff11ed6\" href=\"https:\/\/surrealisme-electronique.xhenon.fr\/wp-content\/uploads\/2026\/02\/Electronic_Surrealism_manifesto_dec2025.odt\">Electronic Surrealism manifesto &#8211; English &#8211; December 2025<\/a><a href=\"https:\/\/surrealisme-electronique.xhenon.fr\/wp-content\/uploads\/2026\/02\/Electronic_Surrealism_manifesto_dec2025.odt\" class=\"wp-block-file__button wp-element-button\" download aria-describedby=\"wp-block-file--media-8f0932a5-8f5a-4e72-b146-b1f93ff11ed6\">Upload<\/a><\/div>\n\n\n\n<hr class=\"wp-block-separator has-alpha-channel-opacity\"\/>\n\n\n\n<h2 class=\"wp-block-heading\">Presentation of electronic surrealism: explorations<\/h2>\n\n\n\n<p>Below are examples of iconic music videos that could be considered Electronic Surrealism. It should be noted that each artist is free to define their own musical style, which may not necessarily be Electronic Surrealism, even if their music and visual representations suggest it:<\/p>\n\n\n\n<div class=\"wp-block-columns is-layout-flex wp-container-core-columns-is-layout-9d6595d7 wp-block-columns-is-layout-flex\">\n<div class=\"wp-block-column is-layout-flow wp-block-column-is-layout-flow\">\n<figure class=\"wp-block-embed aligncenter is-type-video is-provider-youtube wp-block-embed-youtube wp-embed-aspect-16-9 wp-has-aspect-ratio\"><div class=\"wp-block-embed__wrapper\">\n<iframe loading=\"lazy\" title=\"Jean-Michel Jarre - ROBOTS DON&#039;T CRY (movement 3)\" width=\"500\" height=\"281\" src=\"https:\/\/www.youtube.com\/embed\/WTnP6MpVXnM?feature=oembed\" frameborder=\"0\" allow=\"accelerometer; autoplay; clipboard-write; encrypted-media; gyroscope; picture-in-picture; web-share\" referrerpolicy=\"strict-origin-when-cross-origin\" allowfullscreen><\/iframe>\n<\/div><\/figure>\n<\/div>\n\n\n\n<div class=\"wp-block-column is-layout-flow wp-block-column-is-layout-flow\">\n<figure class=\"wp-block-embed aligncenter is-type-video is-provider-youtube wp-block-embed-youtube wp-embed-aspect-4-3 wp-has-aspect-ratio\"><div class=\"wp-block-embed__wrapper\">\n<iframe loading=\"lazy\" title=\"Let There Be Light\" width=\"500\" height=\"375\" src=\"https:\/\/www.youtube.com\/embed\/fRKmK4K6Jew?feature=oembed\" frameborder=\"0\" allow=\"accelerometer; autoplay; clipboard-write; encrypted-media; gyroscope; picture-in-picture; web-share\" referrerpolicy=\"strict-origin-when-cross-origin\" allowfullscreen><\/iframe>\n<\/div><\/figure>\n<\/div>\n<\/div>\n\n\n\n<div class=\"wp-block-columns is-layout-flex wp-container-core-columns-is-layout-9d6595d7 wp-block-columns-is-layout-flex\">\n<div class=\"wp-block-column is-layout-flow wp-block-column-is-layout-flow\">\n<figure class=\"wp-block-embed aligncenter is-type-video is-provider-youtube wp-block-embed-youtube wp-embed-aspect-16-9 wp-has-aspect-ratio\"><div class=\"wp-block-embed__wrapper\">\n<iframe loading=\"lazy\" title=\"Vangelis - Pulstar (Audio)\" width=\"500\" height=\"281\" src=\"https:\/\/www.youtube.com\/embed\/HaMBmBeNvtM?feature=oembed\" frameborder=\"0\" allow=\"accelerometer; autoplay; clipboard-write; encrypted-media; gyroscope; picture-in-picture; web-share\" referrerpolicy=\"strict-origin-when-cross-origin\" allowfullscreen><\/iframe>\n<\/div><\/figure>\n<\/div>\n\n\n\n<div class=\"wp-block-column is-layout-flow wp-block-column-is-layout-flow\">\n<figure class=\"wp-block-embed aligncenter is-type-video is-provider-youtube wp-block-embed-youtube wp-embed-aspect-4-3 wp-has-aspect-ratio\"><div class=\"wp-block-embed__wrapper\">\n<iframe loading=\"lazy\" title=\"Rubycon (Pt. 1 \/ Remastered 2018)\" width=\"500\" height=\"375\" src=\"https:\/\/www.youtube.com\/embed\/BVkRl0sXjjY?feature=oembed\" frameborder=\"0\" allow=\"accelerometer; autoplay; clipboard-write; encrypted-media; gyroscope; picture-in-picture; web-share\" referrerpolicy=\"strict-origin-when-cross-origin\" allowfullscreen><\/iframe>\n<\/div><\/figure>\n<\/div>\n<\/div>\n\n\n\n<hr class=\"wp-block-separator has-alpha-channel-opacity\"\/>\n\n\n\n<h2 class=\"wp-block-heading\">The movement's playlists<\/h2>\n\n\n\n<p>Spotify playlist inspired by Electronic Surrealism:<\/p>\n\n\n\n<iframe data-testid=\"embed-iframe\" style=\"border-radius:12px\" src=\"https:\/\/open.spotify.com\/embed\/playlist\/3bz1CnrWFqlfohBjHEBias?utm_source=generator&#038;theme=0\" width=\"100%\" height=\"352\" frameborder=\"0\" allowfullscreen=\"\" allow=\"autoplay; clipboard-write; encrypted-media; fullscreen; picture-in-picture\" loading=\"lazy\"><\/iframe>\n\n\n\n<p>Here is a playlist, also inspired by Electronic Surrealism, available on YouTube (14 selected tracks):<\/p>\n\n\n\n<figure class=\"wp-block-embed is-type-video is-provider-youtube wp-block-embed-youtube wp-embed-aspect-16-9 wp-has-aspect-ratio\"><div class=\"wp-block-embed__wrapper\">\n<iframe loading=\"lazy\" title=\"Electronic surrealism\" width=\"500\" height=\"281\" src=\"https:\/\/www.youtube.com\/embed\/videoseries?list=PLsVtBtWgW8zxyXggAk33H40-jubk2PMMA\" frameborder=\"0\" allow=\"accelerometer; autoplay; clipboard-write; encrypted-media; gyroscope; picture-in-picture; web-share\" referrerpolicy=\"strict-origin-when-cross-origin\" allowfullscreen><\/iframe>\n<\/div><\/figure>\n\n\n\n<hr class=\"wp-block-separator has-alpha-channel-opacity\"\/>\n\n\n\n<h2 class=\"wp-block-heading\">Inspirations and encounters<\/h2>\n\n\n\n<p>There are many musical influences. These are artists, often pioneers, whose genre is not identified as electronic surrealism but who have had a significant influence. Here are a few examples: Jean-Michel Jarre, Vangelis, Kitaro, Tangerine Dream...<\/p>\n\n\n\n<p>Here are several examples of Surrealist visuals:<\/p>\n\n\n\n<figure class=\"wp-block-gallery has-nested-images columns-default is-cropped wp-block-gallery-1 is-layout-flex wp-block-gallery-is-layout-flex\">\n<figure class=\"wp-block-image size-large\"><img loading=\"lazy\" decoding=\"async\" width=\"1024\" height=\"559\" data-id=\"38\" src=\"https:\/\/surrealisme-electronique.xhenon.fr\/wp-content\/uploads\/2026\/01\/Visuel_surrealiste_05.webp\" alt=\"Pr\u00e9sentation du surr\u00e9alisme \u00e9lectronique - Visuel surr\u00e9aliste\" class=\"wp-image-38\" srcset=\"https:\/\/surrealisme-electronique.xhenon.fr\/wp-content\/uploads\/2026\/01\/Visuel_surrealiste_05.webp 1024w, https:\/\/surrealisme-electronique.xhenon.fr\/wp-content\/uploads\/2026\/01\/Visuel_surrealiste_05-300x164.webp 300w, https:\/\/surrealisme-electronique.xhenon.fr\/wp-content\/uploads\/2026\/01\/Visuel_surrealiste_05-768x419.webp 768w\" sizes=\"auto, (max-width: 1024px) 100vw, 1024px\" \/><\/figure>\n\n\n\n<figure class=\"wp-block-image size-large\"><img loading=\"lazy\" decoding=\"async\" width=\"1024\" height=\"559\" data-id=\"39\" src=\"https:\/\/surrealisme-electronique.xhenon.fr\/wp-content\/uploads\/2026\/01\/Visuel_surrealiste_04.webp\" alt=\"Pr\u00e9sentation du surr\u00e9alisme \u00e9lectronique - Visuel surr\u00e9aliste\" class=\"wp-image-39\" srcset=\"https:\/\/surrealisme-electronique.xhenon.fr\/wp-content\/uploads\/2026\/01\/Visuel_surrealiste_04.webp 1024w, https:\/\/surrealisme-electronique.xhenon.fr\/wp-content\/uploads\/2026\/01\/Visuel_surrealiste_04-300x164.webp 300w, https:\/\/surrealisme-electronique.xhenon.fr\/wp-content\/uploads\/2026\/01\/Visuel_surrealiste_04-768x419.webp 768w\" sizes=\"auto, (max-width: 1024px) 100vw, 1024px\" \/><\/figure>\n\n\n\n<figure class=\"wp-block-image size-large\"><img loading=\"lazy\" decoding=\"async\" width=\"1024\" height=\"585\" data-id=\"41\" src=\"https:\/\/surrealisme-electronique.xhenon.fr\/wp-content\/uploads\/2026\/01\/Visuel_surrealiste_02.webp\" alt=\"Pr\u00e9sentation du surr\u00e9alisme \u00e9lectronique - Visuel surr\u00e9aliste\" class=\"wp-image-41\" srcset=\"https:\/\/surrealisme-electronique.xhenon.fr\/wp-content\/uploads\/2026\/01\/Visuel_surrealiste_02.webp 1024w, https:\/\/surrealisme-electronique.xhenon.fr\/wp-content\/uploads\/2026\/01\/Visuel_surrealiste_02-300x171.webp 300w, https:\/\/surrealisme-electronique.xhenon.fr\/wp-content\/uploads\/2026\/01\/Visuel_surrealiste_02-768x439.webp 768w\" sizes=\"auto, (max-width: 1024px) 100vw, 1024px\" \/><\/figure>\n\n\n\n<figure class=\"wp-block-image size-large\"><img loading=\"lazy\" decoding=\"async\" width=\"1024\" height=\"576\" data-id=\"37\" src=\"https:\/\/surrealisme-electronique.xhenon.fr\/wp-content\/uploads\/2026\/01\/Visuel_surrealiste_01.webp\" alt=\"Pr\u00e9sentation du surr\u00e9alisme \u00e9lectronique - Visuel surr\u00e9aliste\" class=\"wp-image-37\" srcset=\"https:\/\/surrealisme-electronique.xhenon.fr\/wp-content\/uploads\/2026\/01\/Visuel_surrealiste_01.webp 1024w, https:\/\/surrealisme-electronique.xhenon.fr\/wp-content\/uploads\/2026\/01\/Visuel_surrealiste_01-300x169.webp 300w, https:\/\/surrealisme-electronique.xhenon.fr\/wp-content\/uploads\/2026\/01\/Visuel_surrealiste_01-768x432.webp 768w\" sizes=\"auto, (max-width: 1024px) 100vw, 1024px\" \/><\/figure>\n<\/figure>\n\n\n\n<p>Graphic artists were the first to create surrealist works such as <a href=\"https:\/\/fr.wikipedia.org\/wiki\/Ren%C3%A9_Magritte\" target=\"_blank\" rel=\"noreferrer noopener\">Ren\u00e9 Magritte<\/a>, <a href=\"https:\/\/www.wikiart.org\/fr\/salvador-dali\" target=\"_blank\" rel=\"noreferrer noopener\">Salvador Dal\u00ed<\/a>, <a href=\"https:\/\/fr.wikipedia.org\/wiki\/Yves_Tanguy_(peintre)\" target=\"_blank\" rel=\"noreferrer noopener\">Yves Tanguy<\/a>... Musicians also created works in a similar vein, but without using the electronic instruments that became more popular decades later.<\/p>\n\n\n\n<hr class=\"wp-block-separator has-alpha-channel-opacity\"\/>\n\n\n\n<h2 class=\"wp-block-heading\">Follow, share, support, and join Electronic Surrealism<\/h2>\n\n\n\n<p>Would you like to stay informed about the latest news concerning Electronic Surrealism and Xhenon's music? Nothing could be simpler, just subscribe to the newsletter:<\/p>\n\n\n\n<p>Here are the official hashtags: #ElectronicSurrealism \/ #Surr\u00e9alisme\u00c9lectronique<\/p>\n\n\n\n<p>Want to support Electronic Surrealism? Then follow its artists, share playlists and music from this genre. You can also spread the word and share this page on social media. Thank you for your support!<\/p>\n\n\n\n<p>Musician friends, does Electronic Surrealism mean anything to you? <em><strong><a href=\"https:\/\/www.facebook.com\/groups\/885498623914663\" target=\"_blank\" rel=\"noreferrer noopener\">Join the movement on the dedicated Facebook group!<\/a><\/strong><\/em> Find all the free resources you need to identify your instrumental music in the genre of electronic surrealism <em><strong><a href=\"https:\/\/surrealisme-electronique.xhenon.fr\/ressources\/\" type=\"link\" id=\"https:\/\/surrealisme-electronique.xhenon.fr\/ressources\/\">on this page<\/a><\/strong><\/em>.<\/p>\n\n\n\n<hr class=\"wp-block-separator has-alpha-channel-opacity\"\/>\n\n\n\n<p>Would you like more information? We invite you to <em><strong><a href=\"https:\/\/xhenon.fr\/contacter-xhenon\/\">contact the webmaster<\/a><\/strong><\/em>.<\/p>\n\n\n\n<p><\/p>","protected":false},"excerpt":{"rendered":"<p>Pr\u00e9sentation du surr\u00e9alisme \u00e9lectronique : la rencontre du r\u00eave et de la musique \u00e9lectronique&#8230; D\u00e9couvrez l\u2019exploration des paysages sonores o\u00f9 l\u2019\u00e9lectronique devient po\u00e9sie, et le son, une vision\u2026 Qu\u2019est-ce que le Surr\u00e9alisme \u00c9lectronique ? C\u2019est un courant artistique qui fusionne la musique \u00e9lectronique et l\u2019esth\u00e9tique surr\u00e9aliste pour explorer le r\u00eave, l\u2019inconscient et l\u2019imaginaire.Il associe textures [&hellip;]<\/p>\n","protected":false},"author":1,"featured_media":118,"parent":0,"menu_order":0,"comment_status":"closed","ping_status":"closed","template":"","meta":{"footnotes":""},"class_list":["post-26","page","type-page","status-publish","has-post-thumbnail","hentry"],"yoast_head":"<!-- This site is optimized with the Yoast SEO plugin v27.4 - https:\/\/yoast.com\/product\/yoast-seo-wordpress\/ -->\n<title>Pr\u00e9sentation du surr\u00e9alisme \u00e9lectronique<\/title>\n<meta name=\"description\" content=\"Pr\u00e9sentation du surr\u00e9alisme \u00e9lectronique qui fusionne la musique \u00e9lectronique et l\u2019esth\u00e9tique surr\u00e9aliste...\" \/>\n<meta name=\"robots\" content=\"index, follow, max-snippet:-1, max-image-preview:large, max-video-preview:-1\" \/>\n<link rel=\"canonical\" href=\"https:\/\/surrealisme-electronique.xhenon.fr\/en\/presentation-du-surrealisme-electronique\/\" \/>\n<meta property=\"og:locale\" content=\"en_US\" \/>\n<meta property=\"og:type\" content=\"article\" \/>\n<meta property=\"og:title\" content=\"Pr\u00e9sentation du surr\u00e9alisme \u00e9lectronique\" \/>\n<meta property=\"og:description\" content=\"Pr\u00e9sentation du surr\u00e9alisme \u00e9lectronique qui fusionne la musique \u00e9lectronique et l\u2019esth\u00e9tique surr\u00e9aliste...\" \/>\n<meta property=\"og:url\" content=\"https:\/\/surrealisme-electronique.xhenon.fr\/en\/presentation-du-surrealisme-electronique\/\" \/>\n<meta property=\"og:site_name\" content=\"Le Surr\u00e9alisme Electronique\" \/>\n<meta property=\"article:modified_time\" content=\"2026-02-16T16:29:27+00:00\" \/>\n<meta property=\"og:image\" content=\"https:\/\/surrealisme-electronique.xhenon.fr\/wp-content\/uploads\/2026\/01\/Visuel_1_ressources_surrealisme_electronique.jpg\" \/>\n\t<meta property=\"og:image:width\" content=\"550\" \/>\n\t<meta property=\"og:image:height\" content=\"300\" \/>\n\t<meta property=\"og:image:type\" content=\"image\/jpeg\" \/>\n<meta name=\"twitter:card\" content=\"summary_large_image\" \/>\n<meta name=\"twitter:label1\" content=\"Est. reading time\" \/>\n\t<meta name=\"twitter:data1\" content=\"4 minutes\" \/>\n<script type=\"application\/ld+json\" class=\"yoast-schema-graph\">{\"@context\":\"https:\\\/\\\/schema.org\",\"@graph\":[{\"@type\":\"WebPage\",\"@id\":\"https:\\\/\\\/surrealisme-electronique.xhenon.fr\\\/presentation-du-surrealisme-electronique\\\/\",\"url\":\"https:\\\/\\\/surrealisme-electronique.xhenon.fr\\\/presentation-du-surrealisme-electronique\\\/\",\"name\":\"Pr\u00e9sentation du surr\u00e9alisme \u00e9lectronique\",\"isPartOf\":{\"@id\":\"https:\\\/\\\/surrealisme-electronique.xhenon.fr\\\/#website\"},\"primaryImageOfPage\":{\"@id\":\"https:\\\/\\\/surrealisme-electronique.xhenon.fr\\\/presentation-du-surrealisme-electronique\\\/#primaryimage\"},\"image\":{\"@id\":\"https:\\\/\\\/surrealisme-electronique.xhenon.fr\\\/presentation-du-surrealisme-electronique\\\/#primaryimage\"},\"thumbnailUrl\":\"https:\\\/\\\/surrealisme-electronique.xhenon.fr\\\/wp-content\\\/uploads\\\/2026\\\/02\\\/Visuel-surrealisme-electronique-3.jpg\",\"datePublished\":\"2026-01-30T10:08:07+00:00\",\"dateModified\":\"2026-02-16T16:29:27+00:00\",\"description\":\"Pr\u00e9sentation du surr\u00e9alisme \u00e9lectronique qui fusionne la musique \u00e9lectronique et l\u2019esth\u00e9tique surr\u00e9aliste...\",\"breadcrumb\":{\"@id\":\"https:\\\/\\\/surrealisme-electronique.xhenon.fr\\\/presentation-du-surrealisme-electronique\\\/#breadcrumb\"},\"inLanguage\":\"en-US\",\"potentialAction\":[{\"@type\":\"ReadAction\",\"target\":[\"https:\\\/\\\/surrealisme-electronique.xhenon.fr\\\/presentation-du-surrealisme-electronique\\\/\"]}]},{\"@type\":\"ImageObject\",\"inLanguage\":\"en-US\",\"@id\":\"https:\\\/\\\/surrealisme-electronique.xhenon.fr\\\/presentation-du-surrealisme-electronique\\\/#primaryimage\",\"url\":\"https:\\\/\\\/surrealisme-electronique.xhenon.fr\\\/wp-content\\\/uploads\\\/2026\\\/02\\\/Visuel-surrealisme-electronique-3.jpg\",\"contentUrl\":\"https:\\\/\\\/surrealisme-electronique.xhenon.fr\\\/wp-content\\\/uploads\\\/2026\\\/02\\\/Visuel-surrealisme-electronique-3.jpg\",\"width\":1200,\"height\":350,\"caption\":\"Pr\u00e9sentation surr\u00e9alisme \u00e9lectronique - Electronic surrealism presentation\"},{\"@type\":\"BreadcrumbList\",\"@id\":\"https:\\\/\\\/surrealisme-electronique.xhenon.fr\\\/presentation-du-surrealisme-electronique\\\/#breadcrumb\",\"itemListElement\":[{\"@type\":\"ListItem\",\"position\":1,\"name\":\"Accueil\",\"item\":\"https:\\\/\\\/surrealisme-electronique.xhenon.fr\\\/\"},{\"@type\":\"ListItem\",\"position\":2,\"name\":\"Pr\u00e9sentation du surr\u00e9alisme \u00e9lectronique\"}]},{\"@type\":\"WebSite\",\"@id\":\"https:\\\/\\\/surrealisme-electronique.xhenon.fr\\\/#website\",\"url\":\"https:\\\/\\\/surrealisme-electronique.xhenon.fr\\\/\",\"name\":\"Le Surr\u00e9alisme Electronique\",\"description\":\"Quand la musique \u00e9lectronique instrumentale devient surr\u00e9aliste\",\"publisher\":{\"@id\":\"https:\\\/\\\/surrealisme-electronique.xhenon.fr\\\/#organization\"},\"potentialAction\":[{\"@type\":\"SearchAction\",\"target\":{\"@type\":\"EntryPoint\",\"urlTemplate\":\"https:\\\/\\\/surrealisme-electronique.xhenon.fr\\\/?s={search_term_string}\"},\"query-input\":{\"@type\":\"PropertyValueSpecification\",\"valueRequired\":true,\"valueName\":\"search_term_string\"}}],\"inLanguage\":\"en-US\"},{\"@type\":\"Organization\",\"@id\":\"https:\\\/\\\/surrealisme-electronique.xhenon.fr\\\/#organization\",\"name\":\"Le Surr\u00e9alisme Electronique\",\"url\":\"https:\\\/\\\/surrealisme-electronique.xhenon.fr\\\/\",\"logo\":{\"@type\":\"ImageObject\",\"inLanguage\":\"en-US\",\"@id\":\"https:\\\/\\\/surrealisme-electronique.xhenon.fr\\\/#\\\/schema\\\/logo\\\/image\\\/\",\"url\":\"https:\\\/\\\/surrealisme-electronique.xhenon.fr\\\/wp-content\\\/uploads\\\/2026\\\/01\\\/Logo-2_SE_Noir_fondBlanc-scaled-1.jpg\",\"contentUrl\":\"https:\\\/\\\/surrealisme-electronique.xhenon.fr\\\/wp-content\\\/uploads\\\/2026\\\/01\\\/Logo-2_SE_Noir_fondBlanc-scaled-1.jpg\",\"width\":1810,\"height\":2560,\"caption\":\"Le Surr\u00e9alisme Electronique\"},\"image\":{\"@id\":\"https:\\\/\\\/surrealisme-electronique.xhenon.fr\\\/#\\\/schema\\\/logo\\\/image\\\/\"}}]}<\/script>\n<!-- \/ Yoast SEO plugin. -->","yoast_head_json":{"title":"Presentation of electronic surrealism","description":"Pr\u00e9sentation du surr\u00e9alisme \u00e9lectronique qui fusionne la musique \u00e9lectronique et l\u2019esth\u00e9tique surr\u00e9aliste...","robots":{"index":"index","follow":"follow","max-snippet":"max-snippet:-1","max-image-preview":"max-image-preview:large","max-video-preview":"max-video-preview:-1"},"canonical":"https:\/\/surrealisme-electronique.xhenon.fr\/en\/presentation-du-surrealisme-electronique\/","og_locale":"en_US","og_type":"article","og_title":"Pr\u00e9sentation du surr\u00e9alisme \u00e9lectronique","og_description":"Pr\u00e9sentation du surr\u00e9alisme \u00e9lectronique qui fusionne la musique \u00e9lectronique et l\u2019esth\u00e9tique surr\u00e9aliste...","og_url":"https:\/\/surrealisme-electronique.xhenon.fr\/en\/presentation-du-surrealisme-electronique\/","og_site_name":"Le Surr\u00e9alisme Electronique","article_modified_time":"2026-02-16T16:29:27+00:00","og_image":[{"width":550,"height":300,"url":"https:\/\/surrealisme-electronique.xhenon.fr\/wp-content\/uploads\/2026\/01\/Visuel_1_ressources_surrealisme_electronique.jpg","type":"image\/jpeg"}],"twitter_card":"summary_large_image","twitter_misc":{"Est. reading time":"4 minutes"},"schema":{"@context":"https:\/\/schema.org","@graph":[{"@type":"WebPage","@id":"https:\/\/surrealisme-electronique.xhenon.fr\/presentation-du-surrealisme-electronique\/","url":"https:\/\/surrealisme-electronique.xhenon.fr\/presentation-du-surrealisme-electronique\/","name":"Presentation of electronic surrealism","isPartOf":{"@id":"https:\/\/surrealisme-electronique.xhenon.fr\/#website"},"primaryImageOfPage":{"@id":"https:\/\/surrealisme-electronique.xhenon.fr\/presentation-du-surrealisme-electronique\/#primaryimage"},"image":{"@id":"https:\/\/surrealisme-electronique.xhenon.fr\/presentation-du-surrealisme-electronique\/#primaryimage"},"thumbnailUrl":"https:\/\/surrealisme-electronique.xhenon.fr\/wp-content\/uploads\/2026\/02\/Visuel-surrealisme-electronique-3.jpg","datePublished":"2026-01-30T10:08:07+00:00","dateModified":"2026-02-16T16:29:27+00:00","description":"Pr\u00e9sentation du surr\u00e9alisme \u00e9lectronique qui fusionne la musique \u00e9lectronique et l\u2019esth\u00e9tique surr\u00e9aliste...","breadcrumb":{"@id":"https:\/\/surrealisme-electronique.xhenon.fr\/presentation-du-surrealisme-electronique\/#breadcrumb"},"inLanguage":"en-US","potentialAction":[{"@type":"ReadAction","target":["https:\/\/surrealisme-electronique.xhenon.fr\/presentation-du-surrealisme-electronique\/"]}]},{"@type":"ImageObject","inLanguage":"en-US","@id":"https:\/\/surrealisme-electronique.xhenon.fr\/presentation-du-surrealisme-electronique\/#primaryimage","url":"https:\/\/surrealisme-electronique.xhenon.fr\/wp-content\/uploads\/2026\/02\/Visuel-surrealisme-electronique-3.jpg","contentUrl":"https:\/\/surrealisme-electronique.xhenon.fr\/wp-content\/uploads\/2026\/02\/Visuel-surrealisme-electronique-3.jpg","width":1200,"height":350,"caption":"Pr\u00e9sentation surr\u00e9alisme \u00e9lectronique - Electronic surrealism presentation"},{"@type":"BreadcrumbList","@id":"https:\/\/surrealisme-electronique.xhenon.fr\/presentation-du-surrealisme-electronique\/#breadcrumb","itemListElement":[{"@type":"ListItem","position":1,"name":"Accueil","item":"https:\/\/surrealisme-electronique.xhenon.fr\/"},{"@type":"ListItem","position":2,"name":"Pr\u00e9sentation du surr\u00e9alisme \u00e9lectronique"}]},{"@type":"WebSite","@id":"https:\/\/surrealisme-electronique.xhenon.fr\/#website","url":"https:\/\/surrealisme-electronique.xhenon.fr\/","name":"Le Surr\u00e9alisme Electronique","description":"Quand la musique \u00e9lectronique instrumentale devient surr\u00e9aliste","publisher":{"@id":"https:\/\/surrealisme-electronique.xhenon.fr\/#organization"},"potentialAction":[{"@type":"SearchAction","target":{"@type":"EntryPoint","urlTemplate":"https:\/\/surrealisme-electronique.xhenon.fr\/?s={search_term_string}"},"query-input":{"@type":"PropertyValueSpecification","valueRequired":true,"valueName":"search_term_string"}}],"inLanguage":"en-US"},{"@type":"Organization","@id":"https:\/\/surrealisme-electronique.xhenon.fr\/#organization","name":"Le Surr\u00e9alisme Electronique","url":"https:\/\/surrealisme-electronique.xhenon.fr\/","logo":{"@type":"ImageObject","inLanguage":"en-US","@id":"https:\/\/surrealisme-electronique.xhenon.fr\/#\/schema\/logo\/image\/","url":"https:\/\/surrealisme-electronique.xhenon.fr\/wp-content\/uploads\/2026\/01\/Logo-2_SE_Noir_fondBlanc-scaled-1.jpg","contentUrl":"https:\/\/surrealisme-electronique.xhenon.fr\/wp-content\/uploads\/2026\/01\/Logo-2_SE_Noir_fondBlanc-scaled-1.jpg","width":1810,"height":2560,"caption":"Le Surr\u00e9alisme Electronique"},"image":{"@id":"https:\/\/surrealisme-electronique.xhenon.fr\/#\/schema\/logo\/image\/"}}]}},"_links":{"self":[{"href":"https:\/\/surrealisme-electronique.xhenon.fr\/en\/wp-json\/wp\/v2\/pages\/26","targetHints":{"allow":["GET"]}}],"collection":[{"href":"https:\/\/surrealisme-electronique.xhenon.fr\/en\/wp-json\/wp\/v2\/pages"}],"about":[{"href":"https:\/\/surrealisme-electronique.xhenon.fr\/en\/wp-json\/wp\/v2\/types\/page"}],"author":[{"embeddable":true,"href":"https:\/\/surrealisme-electronique.xhenon.fr\/en\/wp-json\/wp\/v2\/users\/1"}],"replies":[{"embeddable":true,"href":"https:\/\/surrealisme-electronique.xhenon.fr\/en\/wp-json\/wp\/v2\/comments?post=26"}],"version-history":[{"count":7,"href":"https:\/\/surrealisme-electronique.xhenon.fr\/en\/wp-json\/wp\/v2\/pages\/26\/revisions"}],"predecessor-version":[{"id":126,"href":"https:\/\/surrealisme-electronique.xhenon.fr\/en\/wp-json\/wp\/v2\/pages\/26\/revisions\/126"}],"wp:featuredmedia":[{"embeddable":true,"href":"https:\/\/surrealisme-electronique.xhenon.fr\/en\/wp-json\/wp\/v2\/media\/118"}],"wp:attachment":[{"href":"https:\/\/surrealisme-electronique.xhenon.fr\/en\/wp-json\/wp\/v2\/media?parent=26"}],"curies":[{"name":"wp","href":"https:\/\/api.w.org\/{rel}","templated":true}]}}