{"id":127,"date":"2026-02-16T16:41:34","date_gmt":"2026-02-16T16:41:34","guid":{"rendered":"https:\/\/surrealisme-electronique.xhenon.fr\/?page_id=127"},"modified":"2026-04-02T12:45:48","modified_gmt":"2026-04-02T12:45:48","slug":"exemples","status":"publish","type":"page","link":"https:\/\/surrealisme-electronique.xhenon.fr\/en\/exemples\/","title":{"rendered":"Examples"},"content":{"rendered":"<p>Here are some concrete examples of electronic surrealist music. This list is not exhaustive.<\/p>\n\n\n\n<h2 class=\"wp-block-heading has-text-align-center\"><a href=\"https:\/\/www.youtube.com\/@Xhenon59\" target=\"_blank\" rel=\"noreferrer noopener\">Xhenon <\/a>&#8211; Extr\u00eame Vague<\/h2>\n\n\n\n<figure class=\"wp-block-embed is-type-video is-provider-youtube wp-block-embed-youtube wp-embed-aspect-16-9 wp-has-aspect-ratio\"><div class=\"wp-block-embed__wrapper\">\n<iframe loading=\"lazy\" title=\"Extr\u00eame Vague - Extreme Wave\" width=\"500\" height=\"281\" src=\"https:\/\/www.youtube.com\/embed\/Hd0DNqAY9xo?feature=oembed\" frameborder=\"0\" allow=\"accelerometer; autoplay; clipboard-write; encrypted-media; gyroscope; picture-in-picture; web-share\" referrerpolicy=\"strict-origin-when-cross-origin\" allowfullscreen><\/iframe>\n<\/div><\/figure>\n\n\n\n<h2 class=\"wp-block-heading has-text-align-center\"><a href=\"https:\/\/www.youtube.com\/@MartyTanx\" target=\"_blank\" rel=\"noreferrer noopener\">Marty Tanx<\/a> &#8211; Atacama<\/h2>\n\n\n\n<figure class=\"wp-block-embed aligncenter is-type-video is-provider-youtube wp-block-embed-youtube wp-embed-aspect-16-9 wp-has-aspect-ratio\"><div class=\"wp-block-embed__wrapper\">\n<iframe loading=\"lazy\" title=\"Atacama - Marty Tanx\" width=\"500\" height=\"281\" src=\"https:\/\/www.youtube.com\/embed\/aVdU_nwFIXk?feature=oembed\" frameborder=\"0\" allow=\"accelerometer; autoplay; clipboard-write; encrypted-media; gyroscope; picture-in-picture; web-share\" referrerpolicy=\"strict-origin-when-cross-origin\" allowfullscreen><\/iframe>\n<\/div><\/figure>\n\n\n\n<p>Would you like to learn more about electronic surrealism artists?<em><a href=\"https:\/\/surrealisme-electronique.xhenon.fr\/les-musiciens-du-surrealisme-electronique\/\"> Visit the artists page<\/a><\/em>.<\/p>\n\n\n\n<p><\/p>","protected":false},"excerpt":{"rendered":"<p>Voici des exemples concrets de musiques de surr\u00e9alisme \u00e9lectronique. Cette liste est non exhaustive. Xhenon &#8211; Extr\u00eame Vague Marty Tanx &#8211; Atacama Vous souhaitez en savoir davantage concernant les artistes du surr\u00e9alisme \u00e9lectronique ? Rendez-vous sur la page d\u00e9di\u00e9e.<\/p>","protected":false},"author":1,"featured_media":138,"parent":0,"menu_order":0,"comment_status":"closed","ping_status":"closed","template":"","meta":{"footnotes":""},"class_list":["post-127","page","type-page","status-publish","has-post-thumbnail","hentry"],"yoast_head":"<!-- This site is optimized with the Yoast SEO plugin v27.4 - https:\/\/yoast.com\/product\/yoast-seo-wordpress\/ -->\n<title>Exemples<\/title>\n<meta name=\"description\" content=\"Exemples : Voici des exemples concrets de musiques de surr\u00e9alisme \u00e9lectronique. Cette liste est non exhaustive...\" \/>\n<meta name=\"robots\" content=\"index, follow, max-snippet:-1, max-image-preview:large, max-video-preview:-1\" \/>\n<link rel=\"canonical\" href=\"https:\/\/surrealisme-electronique.xhenon.fr\/en\/exemples\/\" \/>\n<meta property=\"og:locale\" content=\"en_US\" \/>\n<meta property=\"og:type\" content=\"article\" \/>\n<meta property=\"og:title\" content=\"Exemples de musiques de surr\u00e9alisme \u00e9lectronique\" \/>\n<meta property=\"og:description\" content=\"Exemples : Voici des exemples concrets de musiques de surr\u00e9alisme \u00e9lectronique. Cette liste est non exhaustive...\" \/>\n<meta property=\"og:url\" content=\"https:\/\/surrealisme-electronique.xhenon.fr\/en\/exemples\/\" \/>\n<meta property=\"og:site_name\" content=\"Le Surr\u00e9alisme Electronique\" \/>\n<meta property=\"article:modified_time\" content=\"2026-04-02T12:45:48+00:00\" \/>\n<meta property=\"og:image\" content=\"https:\/\/surrealisme-electronique.xhenon.fr\/wp-content\/uploads\/2026\/04\/Artistes-du-surrealisme-electronique-exemples.jpg\" \/>\n\t<meta property=\"og:image:width\" content=\"503\" \/>\n\t<meta property=\"og:image:height\" content=\"350\" \/>\n\t<meta property=\"og:image:type\" content=\"image\/jpeg\" \/>\n<meta name=\"twitter:card\" content=\"summary_large_image\" \/>\n<meta name=\"twitter:title\" content=\"Exemples - Artistes du surr\u00e9alisme \u00e9lectronique\" \/>\n<meta name=\"twitter:description\" content=\"Voici des exemples concrets de musiques de surr\u00e9alisme \u00e9lectronique. Cette liste est non exhaustive.\" \/>\n<meta name=\"twitter:image\" content=\"https:\/\/surrealisme-electronique.xhenon.fr\/wp-content\/uploads\/2026\/04\/Artistes-du-surrealisme-electronique-exemples.jpg\" \/>\n<meta name=\"twitter:label1\" content=\"Est. reading time\" \/>\n\t<meta name=\"twitter:data1\" content=\"1 minute\" \/>\n<script type=\"application\/ld+json\" class=\"yoast-schema-graph\">{\"@context\":\"https:\\\/\\\/schema.org\",\"@graph\":[{\"@type\":\"WebPage\",\"@id\":\"https:\\\/\\\/surrealisme-electronique.xhenon.fr\\\/exemples\\\/\",\"url\":\"https:\\\/\\\/surrealisme-electronique.xhenon.fr\\\/exemples\\\/\",\"name\":\"Exemples\",\"isPartOf\":{\"@id\":\"https:\\\/\\\/surrealisme-electronique.xhenon.fr\\\/#website\"},\"primaryImageOfPage\":{\"@id\":\"https:\\\/\\\/surrealisme-electronique.xhenon.fr\\\/exemples\\\/#primaryimage\"},\"image\":{\"@id\":\"https:\\\/\\\/surrealisme-electronique.xhenon.fr\\\/exemples\\\/#primaryimage\"},\"thumbnailUrl\":\"https:\\\/\\\/surrealisme-electronique.xhenon.fr\\\/wp-content\\\/uploads\\\/2026\\\/02\\\/Visuel-surrealisme-electronique-8.jpg\",\"datePublished\":\"2026-02-16T16:41:34+00:00\",\"dateModified\":\"2026-04-02T12:45:48+00:00\",\"description\":\"Exemples : Voici des exemples concrets de musiques de surr\u00e9alisme \u00e9lectronique. Cette liste est non exhaustive...\",\"breadcrumb\":{\"@id\":\"https:\\\/\\\/surrealisme-electronique.xhenon.fr\\\/exemples\\\/#breadcrumb\"},\"inLanguage\":\"en-US\",\"potentialAction\":[{\"@type\":\"ReadAction\",\"target\":[\"https:\\\/\\\/surrealisme-electronique.xhenon.fr\\\/exemples\\\/\"]}]},{\"@type\":\"ImageObject\",\"inLanguage\":\"en-US\",\"@id\":\"https:\\\/\\\/surrealisme-electronique.xhenon.fr\\\/exemples\\\/#primaryimage\",\"url\":\"https:\\\/\\\/surrealisme-electronique.xhenon.fr\\\/wp-content\\\/uploads\\\/2026\\\/02\\\/Visuel-surrealisme-electronique-8.jpg\",\"contentUrl\":\"https:\\\/\\\/surrealisme-electronique.xhenon.fr\\\/wp-content\\\/uploads\\\/2026\\\/02\\\/Visuel-surrealisme-electronique-8.jpg\",\"width\":1200,\"height\":350,\"caption\":\"Exemples du surr\u00e9alisme \u00e9lectronique - Examples of electronic surrealism\"},{\"@type\":\"BreadcrumbList\",\"@id\":\"https:\\\/\\\/surrealisme-electronique.xhenon.fr\\\/exemples\\\/#breadcrumb\",\"itemListElement\":[{\"@type\":\"ListItem\",\"position\":1,\"name\":\"Accueil\",\"item\":\"https:\\\/\\\/surrealisme-electronique.xhenon.fr\\\/\"},{\"@type\":\"ListItem\",\"position\":2,\"name\":\"Exemples\"}]},{\"@type\":\"WebSite\",\"@id\":\"https:\\\/\\\/surrealisme-electronique.xhenon.fr\\\/#website\",\"url\":\"https:\\\/\\\/surrealisme-electronique.xhenon.fr\\\/\",\"name\":\"Le Surr\u00e9alisme Electronique\",\"description\":\"Quand la musique \u00e9lectronique instrumentale devient surr\u00e9aliste\",\"publisher\":{\"@id\":\"https:\\\/\\\/surrealisme-electronique.xhenon.fr\\\/#organization\"},\"potentialAction\":[{\"@type\":\"SearchAction\",\"target\":{\"@type\":\"EntryPoint\",\"urlTemplate\":\"https:\\\/\\\/surrealisme-electronique.xhenon.fr\\\/?s={search_term_string}\"},\"query-input\":{\"@type\":\"PropertyValueSpecification\",\"valueRequired\":true,\"valueName\":\"search_term_string\"}}],\"inLanguage\":\"en-US\"},{\"@type\":\"Organization\",\"@id\":\"https:\\\/\\\/surrealisme-electronique.xhenon.fr\\\/#organization\",\"name\":\"Le Surr\u00e9alisme Electronique\",\"url\":\"https:\\\/\\\/surrealisme-electronique.xhenon.fr\\\/\",\"logo\":{\"@type\":\"ImageObject\",\"inLanguage\":\"en-US\",\"@id\":\"https:\\\/\\\/surrealisme-electronique.xhenon.fr\\\/#\\\/schema\\\/logo\\\/image\\\/\",\"url\":\"https:\\\/\\\/surrealisme-electronique.xhenon.fr\\\/wp-content\\\/uploads\\\/2026\\\/01\\\/Logo-2_SE_Noir_fondBlanc-scaled-1.jpg\",\"contentUrl\":\"https:\\\/\\\/surrealisme-electronique.xhenon.fr\\\/wp-content\\\/uploads\\\/2026\\\/01\\\/Logo-2_SE_Noir_fondBlanc-scaled-1.jpg\",\"width\":1810,\"height\":2560,\"caption\":\"Le Surr\u00e9alisme Electronique\"},\"image\":{\"@id\":\"https:\\\/\\\/surrealisme-electronique.xhenon.fr\\\/#\\\/schema\\\/logo\\\/image\\\/\"}}]}<\/script>\n<!-- \/ Yoast SEO plugin. -->","yoast_head_json":{"title":"Examples","description":"Exemples : Voici des exemples concrets de musiques de surr\u00e9alisme \u00e9lectronique. Cette liste est non exhaustive...","robots":{"index":"index","follow":"follow","max-snippet":"max-snippet:-1","max-image-preview":"max-image-preview:large","max-video-preview":"max-video-preview:-1"},"canonical":"https:\/\/surrealisme-electronique.xhenon.fr\/en\/exemples\/","og_locale":"en_US","og_type":"article","og_title":"Exemples de musiques de surr\u00e9alisme \u00e9lectronique","og_description":"Exemples : Voici des exemples concrets de musiques de surr\u00e9alisme \u00e9lectronique. Cette liste est non exhaustive...","og_url":"https:\/\/surrealisme-electronique.xhenon.fr\/en\/exemples\/","og_site_name":"Le Surr\u00e9alisme Electronique","article_modified_time":"2026-04-02T12:45:48+00:00","og_image":[{"width":503,"height":350,"url":"https:\/\/surrealisme-electronique.xhenon.fr\/wp-content\/uploads\/2026\/04\/Artistes-du-surrealisme-electronique-exemples.jpg","type":"image\/jpeg"}],"twitter_card":"summary_large_image","twitter_title":"Exemples - Artistes du surr\u00e9alisme \u00e9lectronique","twitter_description":"Voici des exemples concrets de musiques de surr\u00e9alisme \u00e9lectronique. Cette liste est non exhaustive.","twitter_image":"https:\/\/surrealisme-electronique.xhenon.fr\/wp-content\/uploads\/2026\/04\/Artistes-du-surrealisme-electronique-exemples.jpg","twitter_misc":{"Est. reading time":"1 minute"},"schema":{"@context":"https:\/\/schema.org","@graph":[{"@type":"WebPage","@id":"https:\/\/surrealisme-electronique.xhenon.fr\/exemples\/","url":"https:\/\/surrealisme-electronique.xhenon.fr\/exemples\/","name":"Examples","isPartOf":{"@id":"https:\/\/surrealisme-electronique.xhenon.fr\/#website"},"primaryImageOfPage":{"@id":"https:\/\/surrealisme-electronique.xhenon.fr\/exemples\/#primaryimage"},"image":{"@id":"https:\/\/surrealisme-electronique.xhenon.fr\/exemples\/#primaryimage"},"thumbnailUrl":"https:\/\/surrealisme-electronique.xhenon.fr\/wp-content\/uploads\/2026\/02\/Visuel-surrealisme-electronique-8.jpg","datePublished":"2026-02-16T16:41:34+00:00","dateModified":"2026-04-02T12:45:48+00:00","description":"Exemples : Voici des exemples concrets de musiques de surr\u00e9alisme \u00e9lectronique. Cette liste est non exhaustive...","breadcrumb":{"@id":"https:\/\/surrealisme-electronique.xhenon.fr\/exemples\/#breadcrumb"},"inLanguage":"en-US","potentialAction":[{"@type":"ReadAction","target":["https:\/\/surrealisme-electronique.xhenon.fr\/exemples\/"]}]},{"@type":"ImageObject","inLanguage":"en-US","@id":"https:\/\/surrealisme-electronique.xhenon.fr\/exemples\/#primaryimage","url":"https:\/\/surrealisme-electronique.xhenon.fr\/wp-content\/uploads\/2026\/02\/Visuel-surrealisme-electronique-8.jpg","contentUrl":"https:\/\/surrealisme-electronique.xhenon.fr\/wp-content\/uploads\/2026\/02\/Visuel-surrealisme-electronique-8.jpg","width":1200,"height":350,"caption":"Exemples du surr\u00e9alisme \u00e9lectronique - Examples of electronic surrealism"},{"@type":"BreadcrumbList","@id":"https:\/\/surrealisme-electronique.xhenon.fr\/exemples\/#breadcrumb","itemListElement":[{"@type":"ListItem","position":1,"name":"Accueil","item":"https:\/\/surrealisme-electronique.xhenon.fr\/"},{"@type":"ListItem","position":2,"name":"Exemples"}]},{"@type":"WebSite","@id":"https:\/\/surrealisme-electronique.xhenon.fr\/#website","url":"https:\/\/surrealisme-electronique.xhenon.fr\/","name":"Le Surr\u00e9alisme Electronique","description":"Quand la musique \u00e9lectronique instrumentale devient surr\u00e9aliste","publisher":{"@id":"https:\/\/surrealisme-electronique.xhenon.fr\/#organization"},"potentialAction":[{"@type":"SearchAction","target":{"@type":"EntryPoint","urlTemplate":"https:\/\/surrealisme-electronique.xhenon.fr\/?s={search_term_string}"},"query-input":{"@type":"PropertyValueSpecification","valueRequired":true,"valueName":"search_term_string"}}],"inLanguage":"en-US"},{"@type":"Organization","@id":"https:\/\/surrealisme-electronique.xhenon.fr\/#organization","name":"Le Surr\u00e9alisme Electronique","url":"https:\/\/surrealisme-electronique.xhenon.fr\/","logo":{"@type":"ImageObject","inLanguage":"en-US","@id":"https:\/\/surrealisme-electronique.xhenon.fr\/#\/schema\/logo\/image\/","url":"https:\/\/surrealisme-electronique.xhenon.fr\/wp-content\/uploads\/2026\/01\/Logo-2_SE_Noir_fondBlanc-scaled-1.jpg","contentUrl":"https:\/\/surrealisme-electronique.xhenon.fr\/wp-content\/uploads\/2026\/01\/Logo-2_SE_Noir_fondBlanc-scaled-1.jpg","width":1810,"height":2560,"caption":"Le Surr\u00e9alisme Electronique"},"image":{"@id":"https:\/\/surrealisme-electronique.xhenon.fr\/#\/schema\/logo\/image\/"}}]}},"_links":{"self":[{"href":"https:\/\/surrealisme-electronique.xhenon.fr\/en\/wp-json\/wp\/v2\/pages\/127","targetHints":{"allow":["GET"]}}],"collection":[{"href":"https:\/\/surrealisme-electronique.xhenon.fr\/en\/wp-json\/wp\/v2\/pages"}],"about":[{"href":"https:\/\/surrealisme-electronique.xhenon.fr\/en\/wp-json\/wp\/v2\/types\/page"}],"author":[{"embeddable":true,"href":"https:\/\/surrealisme-electronique.xhenon.fr\/en\/wp-json\/wp\/v2\/users\/1"}],"replies":[{"embeddable":true,"href":"https:\/\/surrealisme-electronique.xhenon.fr\/en\/wp-json\/wp\/v2\/comments?post=127"}],"version-history":[{"count":5,"href":"https:\/\/surrealisme-electronique.xhenon.fr\/en\/wp-json\/wp\/v2\/pages\/127\/revisions"}],"predecessor-version":[{"id":140,"href":"https:\/\/surrealisme-electronique.xhenon.fr\/en\/wp-json\/wp\/v2\/pages\/127\/revisions\/140"}],"wp:featuredmedia":[{"embeddable":true,"href":"https:\/\/surrealisme-electronique.xhenon.fr\/en\/wp-json\/wp\/v2\/media\/138"}],"wp:attachment":[{"href":"https:\/\/surrealisme-electronique.xhenon.fr\/en\/wp-json\/wp\/v2\/media?parent=127"}],"curies":[{"name":"wp","href":"https:\/\/api.w.org\/{rel}","templated":true}]}}